{"id":5320,"date":"2026-03-21T21:10:45","date_gmt":"2026-03-21T21:10:45","guid":{"rendered":"https:\/\/joyeriadreide.com\/?product=raymond-weil-freelancer-diver-automatic-300m-ref-2775-st1-20051"},"modified":"2026-04-29T15:00:12","modified_gmt":"2026-04-29T15:00:12","slug":"raymond-weil-freelancer-diver-automatic-300m-ref-2775-st1-20051","status":"publish","type":"product","link":"https:\/\/joyeriadreide.com\/?product=raymond-weil-freelancer-diver-automatic-300m-ref-2775-st1-20051","title":{"rendered":"Raymond Weil Freelancer Diver Black Dial Rubber Strap Automatic 300M&#8230;&#8230;Ref : 2775-ST1-20051"},"content":{"rendered":"<p>\u00a0 \u00a0 \u00a0 \u00a0 \u00a0 \u00a0 \u00a0 \u00a0 \u00a0 \u00a0 \u00a0 \u00a0 \u00a0 \u00a0 \u00a0 \u00a0 \u00a0 \u00a0 \u00a0 \u00a0 \u00a0 \u00a0 \u00a0 \u00a0 \u00a0 \u00a0 \u00a0 \u00a0 \u00a0 \u00a0 \u00a0 \u00a0ESPECIFICACIONES TECNICAS<\/p>\n<p>MOVIMIENTO : Automatico con posibilidad de remontaje manual calibre RW4200 &#8211; 28.800 a\/h &#8211; 4hz &#8211; 41h de reserva de marcha ( Base SW200 ) Suizo.<\/p>\n<p>FUNCIONES : Horas &#8211; Minutos &#8211; Fechador.<\/p>\n<p>CAJA : Acero 316l Tripartita de carrura monobloque satinada, bisel de acero bru\u00f1ido con orla en cer\u00e1mica con escala de tiempo de inmersi\u00f3n transferida con punto tratado en Superluminova en las 12h.Fondo roscado grabado a l\u00e1ser,corona roscada con logo de RW.<\/p>\n<p>TAMA\u00d1O : 42mm<\/p>\n<p>GROSOR : 11.7mm<\/p>\n<p>CRISTAL : Zafiro con tratamiento antirreflectante en ambas caras.<\/p>\n<p>ESFERA : Negra degradada, escala de segundos transferida en blanca, indices en bast\u00f3n aplicados tratados en Superluminova,agujas de tipo bast\u00f3n y segundero central con lollipop tratadas en Superluminova,fechador en las 6h.<\/p>\n<p>RESISTENCIA AL AGUA : 300M ( 30 Atm Iso6425 ) Profesional Diver.<\/p>\n<p>BRAZALETE : Correa de caucho de alta calidad con cierre deployante en acero de doble hoja pulsadores de seguridad<\/p>\n<p>GARANTIA : 3 A\u00f1os oficial.<\/p>\n","protected":false},"excerpt":{"rendered":"<p>Raymond Weil renueva su lujoso y refinado diver de la linea freelancer,un guardatiempo que a tenido mejoras t\u00e9cnicas y de dise\u00f1o que lo llevan a un nivel superior t\u00e9cnicamente sobre todo por su alto nivel de acabados, un ideal tama\u00f1o en 42mm extremadamente ergon\u00f3mico,transmite una calidad y sensaci\u00f3n lujosa que hace a su portador sentir una gran satisfacci\u00f3n al llevarlo, sumergible a 300m,caja de carrura monobloque esta ideada para tener un alto rendimiento en cualquier situaci\u00f3n o gracias a su refinado dise\u00f1o contempor\u00e1neo vestirlo con el mejor de los trajes.Destacamos su impacto visual gracias a la mejora de la geometr\u00eda de esfera mucho mas limpia que su predecesor,cierre deployante de la correa que es de una calidad brillante.En su interior dispone del calibre RW4200 que es en su base un sw200 ya conocido por su excelente isocronismo y fiabilidad.Lujo,deportividad,refinamiento contempor\u00e1neo es lo que encontraras en este excelente diver de Raymond Weil.<\/p>\n","protected":false},"featured_media":5319,"comment_status":"open","ping_status":"closed","template":"","meta":[],"product_brand":[],"product_cat":[312,310,289,194],"product_tag":[824,909,1207,1046,1201,1208,1037,1008,898,829,808,924,446,934,373,1206,1209,1205,897,994,896,894,899,1087,811],"class_list":{"0":"post-5320","1":"product","2":"type-product","3":"status-publish","4":"has-post-thumbnail","6":"product_cat-freelancer","7":"product_cat-hombre-raymond-weil","8":"product_cat-raymond-weil","9":"product_cat-relojes","10":"product_tag-buceo","11":"product_tag-dive-watches","12":"product_tag-diving","13":"product_tag-dreide-joyeros","14":"product_tag-exclusive","15":"product_tag-inmersion-profesional","16":"product_tag-jewelry-shop-fuengirola","17":"product_tag-joyeria-dreide","18":"product_tag-joyeria-en-fuengirola","19":"product_tag-lujo","20":"product_tag-luxury","21":"product_tag-luxury-lifestyle","22":"product_tag-luxury-watches","23":"product_tag-marcas-de-lujo","24":"product_tag-profesional-diver","25":"product_tag-raymond-weil-freelancer-diver","26":"product_tag-raymond-weil-fuengirola","27":"product_tag-raymond-weil-raymond-weil-freelancer","28":"product_tag-relojeria-en-fuengirola","29":"product_tag-relojes-automaticos","30":"product_tag-relojes-de-lujo","31":"product_tag-relojes-suizos","32":"product_tag-swiss-made-watches","33":"product_tag-watch-shop-fuengirola","34":"product_tag-watches","36":"first","37":"instock","38":"shipping-taxable","39":"purchasable","40":"product-type-simple"},"_links":{"self":[{"href":"https:\/\/joyeriadreide.com\/index.php?rest_route=\/wp\/v2\/product\/5320","targetHints":{"allow":["GET"]}}],"collection":[{"href":"https:\/\/joyeriadreide.com\/index.php?rest_route=\/wp\/v2\/product"}],"about":[{"href":"https:\/\/joyeriadreide.com\/index.php?rest_route=\/wp\/v2\/types\/product"}],"replies":[{"embeddable":true,"href":"https:\/\/joyeriadreide.com\/index.php?rest_route=%2Fwp%2Fv2%2Fcomments&post=5320"}],"wp:featuredmedia":[{"embeddable":true,"href":"https:\/\/joyeriadreide.com\/index.php?rest_route=\/wp\/v2\/media\/5319"}],"wp:attachment":[{"href":"https:\/\/joyeriadreide.com\/index.php?rest_route=%2Fwp%2Fv2%2Fmedia&parent=5320"}],"wp:term":[{"taxonomy":"product_brand","embeddable":true,"href":"https:\/\/joyeriadreide.com\/index.php?rest_route=%2Fwp%2Fv2%2Fproduct_brand&post=5320"},{"taxonomy":"product_cat","embeddable":true,"href":"https:\/\/joyeriadreide.com\/index.php?rest_route=%2Fwp%2Fv2%2Fproduct_cat&post=5320"},{"taxonomy":"product_tag","embeddable":true,"href":"https:\/\/joyeriadreide.com\/index.php?rest_route=%2Fwp%2Fv2%2Fproduct_tag&post=5320"}],"curies":[{"name":"wp","href":"https:\/\/api.w.org\/{rel}","templated":true}]}}