{"id":5219,"date":"2026-01-05T21:36:16","date_gmt":"2026-01-05T21:36:16","guid":{"rendered":"https:\/\/joyeriadreide.com\/?product=victorinox-swiss-army-air-pro-automatic-gmt-ref-v242005"},"modified":"2026-01-14T11:07:46","modified_gmt":"2026-01-14T11:07:46","slug":"victorinox-swiss-army-air-pro-automatic-gmt-ref-v242005","status":"publish","type":"product","link":"https:\/\/joyeriadreide.com\/?product=victorinox-swiss-army-air-pro-automatic-gmt-ref-v242005","title":{"rendered":"Victorinox Swiss Army Air Pro Automatic GMT&#8230;&#8230;&#8230;Ref : V242005"},"content":{"rendered":"<p>\u00a0 \u00a0 \u00a0 \u00a0 \u00a0 \u00a0 \u00a0 \u00a0 \u00a0 \u00a0 \u00a0 \u00a0 \u00a0 \u00a0 \u00a0 \u00a0 \u00a0 \u00a0 \u00a0 \u00a0 \u00a0 \u00a0 \u00a0 \u00a0 \u00a0 \u00a0 \u00a0 \u00a0 \u00a0 ESPECIFICACIONES TECNICAS<\/p>\n<p>MOVIMIENTO : Calibre Sellita SW-330-2 Automatico con posibilidad de carga manual &#8211; 28.800 A\/h &#8211; 4hz &#8211; 56h de reserva de marcha.<\/p>\n<p>FUNCIONES : Horas &#8211; Minutos &#8211; Segundos centrales &#8211; 24 usos horarios gmt en formato de 24h -Fechador.<\/p>\n<p>CAJA : Arquitectura avanzada de manufactura desarrollada por Victorinox en su planta de Delemont Suiza.Caja resistente a impactos con normativa ISO,fabricada en acero 316l Tripartita de carrura monobloque con asas integradas satinada, fondo roscado abierto con cristal de zafiro que deja ver el calibre con sedigrafia,bisel fijo con escala de tiempo tratado en pvd negro,cristal de zafiro con tratamiento antireflectante.Corona en las 2h tratada en pvd negro con letras gmt en amarillo para manipulaci\u00f3n del disco interior para los 24 husos horarios, corona en las 4h tratada en pvd negro con logo de la casa transferido para manipulaci\u00f3n de la hora local, fecha y carga manual.<\/p>\n<p>TAMA\u00d1O : 43mm<\/p>\n<p>PESO : 132gr<\/p>\n<p>GROSOR : 13mm<\/p>\n<p>CRISTAL : Zafiro con tratamiento antirreflectante en ambas caras.<\/p>\n<p>ESFERA : Negra dividida en tres sectores.Centro decoraci\u00f3n guilloche circular con escala circular para indicaci\u00f3n dia y noche de la hora local o destino,en amarillo para el dia en blanco para noche, escala de segundos en blanco,indices estampados para la absorci\u00f3n de impactos tratados en Superluminova,segundo sector 24h usos horarios de las principales capitales en blanco, tercer sector dise\u00f1o de disco en forma de cuadrados individuales en negro con escala de 24h en blanca para el dia,amarilla para la noche para los usos horarios, fechador en las 6h.Agujas Horaria,minutera y segundos \u00a0centrales en punta de flecha con contrapeso tratadas en Superluminova,aguja auxiliar calada en punta de flecha amarilla para la indicaci\u00f3n de los husos horarios.<\/p>\n<p>RESISTENCIA AL AGUA : 200M ( 20 Atm Iso 6425 )<\/p>\n<p>BRAZALETE : Correa de caucho de alta calidad negra con tratamiento especial en el pigmento de color, interior con parte en relieve para grip en la mu\u00f1eca en amarillo, cierre deployante en acero satinado con pulsadores de seguridad de doble hoja.<\/p>\n<p>GARANTIA : 5 a\u00f1os oficial.<\/p>\n","protected":false},"excerpt":{"rendered":"<p>Victorinox Swiss Army incorpora a su colecci\u00f3n un nuevo y espectacular guardatiempo totalmente nuevo de piloto.El nuevo Air Pro Automatic Gmt es un polivalente y muy t\u00e9cnico guardatiempo pensado para las exigencias mas duras de rendimiento o ser vestido con el mas elegante traje.Una super arquitectura ultra resistente manufacturada en la fabrica de Victorinox en Delemont Suiza,con alta resistencia a impactos,normativa ISO,funcion de gmt con 24 husos horarios,ideal para los mas viajeros, viajes de negocios o pilotos, un muy fiable calibre con excelente rendimiento SW-330-2 con 52 horas de reserva de marcha.Esta nueva colecci\u00f3n se suma a la declaraci\u00f3n de intenciones de Victorinox Swiss Army,de ofrecer guaradatiempos en media alta relojer\u00eda de muy alta calidad.<\/p>\n","protected":false},"featured_media":5218,"comment_status":"open","ping_status":"closed","template":"","meta":[],"product_brand":[],"product_cat":[328,194,213],"product_tag":[1155,835,816,900,614,1005,898,829,924,1156,893,892,1119,897,994,1157,896,894,1153,1075,836,916,1071,1154,888,926],"class_list":{"0":"post-5219","1":"product","2":"type-product","3":"status-publish","4":"has-post-thumbnail","6":"product_cat-hombre-victorinox","7":"product_cat-relojes","8":"product_cat-victorinox","9":"product_tag-air-pro-automatic","10":"product_tag-brands","11":"product_tag-coleccionista","12":"product_tag-estilo-de-vida","13":"product_tag-gmt","14":"product_tag-jewellery-shop","15":"product_tag-joyeria-en-fuengirola","16":"product_tag-lujo","17":"product_tag-luxury-lifestyle","18":"product_tag-luxury-watchez","19":"product_tag-mens-watches","20":"product_tag-reloj-de-hombre","21":"product_tag-reloj-de-piloto","22":"product_tag-relojeria-en-fuengirola","23":"product_tag-relojes-automaticos","24":"product_tag-relojes-con-segundo-uso-horario","25":"product_tag-relojes-de-lujo","26":"product_tag-relojes-suizos","27":"product_tag-relojes-vicotirinox","28":"product_tag-relojes-victorinox-en-fuengirola","29":"product_tag-status","30":"product_tag-swiss-made","31":"product_tag-unique","32":"product_tag-vicotinox","33":"product_tag-victorinox-swiss-army","34":"product_tag-watch-collector","36":"first","37":"instock","38":"shipping-taxable","39":"purchasable","40":"product-type-simple"},"_links":{"self":[{"href":"https:\/\/joyeriadreide.com\/index.php?rest_route=\/wp\/v2\/product\/5219","targetHints":{"allow":["GET"]}}],"collection":[{"href":"https:\/\/joyeriadreide.com\/index.php?rest_route=\/wp\/v2\/product"}],"about":[{"href":"https:\/\/joyeriadreide.com\/index.php?rest_route=\/wp\/v2\/types\/product"}],"replies":[{"embeddable":true,"href":"https:\/\/joyeriadreide.com\/index.php?rest_route=%2Fwp%2Fv2%2Fcomments&post=5219"}],"wp:featuredmedia":[{"embeddable":true,"href":"https:\/\/joyeriadreide.com\/index.php?rest_route=\/wp\/v2\/media\/5218"}],"wp:attachment":[{"href":"https:\/\/joyeriadreide.com\/index.php?rest_route=%2Fwp%2Fv2%2Fmedia&parent=5219"}],"wp:term":[{"taxonomy":"product_brand","embeddable":true,"href":"https:\/\/joyeriadreide.com\/index.php?rest_route=%2Fwp%2Fv2%2Fproduct_brand&post=5219"},{"taxonomy":"product_cat","embeddable":true,"href":"https:\/\/joyeriadreide.com\/index.php?rest_route=%2Fwp%2Fv2%2Fproduct_cat&post=5219"},{"taxonomy":"product_tag","embeddable":true,"href":"https:\/\/joyeriadreide.com\/index.php?rest_route=%2Fwp%2Fv2%2Fproduct_tag&post=5219"}],"curies":[{"name":"wp","href":"https:\/\/api.w.org\/{rel}","templated":true}]}}