{"id":5201,"date":"2026-01-03T21:32:51","date_gmt":"2026-01-03T21:32:51","guid":{"rendered":"https:\/\/joyeriadreide.com\/?product=seiko-5-sport-skx-automatic-ref-srpl85"},"modified":"2026-01-14T11:07:17","modified_gmt":"2026-01-14T11:07:17","slug":"seiko-5-sport-skx-automatic-ref-srpl85","status":"publish","type":"product","link":"https:\/\/joyeriadreide.com\/?product=seiko-5-sport-skx-automatic-ref-srpl85","title":{"rendered":"Seiko 5 Sport Skx Automatic&#8230;&#8230;&#8230;Ref : SRPL85"},"content":{"rendered":"<p>\u00a0 \u00a0 \u00a0 \u00a0 \u00a0 \u00a0 \u00a0 \u00a0 \u00a0 \u00a0 \u00a0 \u00a0 \u00a0 \u00a0 \u00a0 \u00a0 \u00a0 \u00a0 \u00a0 \u00a0 \u00a0 \u00a0 \u00a0 \u00a0 \u00a0 \u00a0 \u00a0 \u00a0 \u00a0 \u00a0 ESPECIFICACIONES TECNICAS<\/p>\n<p>MOVIMIENTO : Calibre Seiko 4R36 Automatico con capacidad de carga manual &#8211; 21.600 A\/h &#8211; 3.5hz &#8211; Aprox 41h de reserva de marcha &#8211; Espiral Diaflex &#8211; 24 rubis.<\/p>\n<p>FUNCIONES : Horas &#8211; Minutos &#8211; Segundos centrales &#8211; Fechador y Dia de la Semana en ventanilla.<\/p>\n<p>CAJA : Acero 316l tripartita de asas perforadas asim\u00e9trica pulida con corona en las 4h,bisel unidireccional con escala de 60min en negra protegida con vidrio brillante ultra resistente, fondo roscado abierto que deja ver el movimiento.<\/p>\n<p>TAMA\u00d1O : 42.50mm<\/p>\n<p>GROSOR : 13.9mm<\/p>\n<p>PESO : 187gr<\/p>\n<p>CRISTAL : Hardlex en anverso y reverso que deja ver el movimiento.<\/p>\n<p>RESISTENCIA AL AGUA : 100M ( 10 Atm ) reloj no de inmersi\u00f3n.<\/p>\n<p>ESFERA : Negra con efectos rayos de sol inspiraci\u00f3n vintage,indices y agujas tratados en Lumibrite,trotadora central de segundos bicolor con lollipop en Lumibrite,escala de segundos en realce blanca, fechador y dia de la semana en las 3h en ventanilla.<\/p>\n<p>BRAZALETE : Acero 316l con eslabones compuestos de tres piezas matizado, cierre con pulsadores de seguridad de doble hoja.<\/p>\n<p>GARANTIA : 3 A\u00f1os oficial.<\/p>\n","protected":false},"excerpt":{"rendered":"<p>Esta referencia del Seiko 5 sport skx,nos ofrece ahora una esfera con acabados mas premiun y cuidada en mas detalles como las agujas que han sido afinadas y los indices de mejor dise\u00f1o,un acabo en este caso en ngro con efectos rayos de sol.La inspiraci\u00f3n es totalmente al dise\u00f1o original de Seiko skx que no solo la colecci\u00f3n seiko 5 adopta la fabulosa caja, ya en esta referencia disponible en una variante de 4 colores, deleita a los seguidores del skx que tanto \u00e9xito a tenido y tiene gracias a serie 5.<\/p>\n","protected":false},"featured_media":5200,"comment_status":"open","ping_status":"closed","template":"","meta":[],"product_brand":[],"product_cat":[194,196,327],"product_tag":[1141,1140,900,801,898,829,808,446,893,897,994,1059,896,1139,1023,1060,245,365,1137,1001,1050,1022,1138,836],"class_list":{"0":"post-5201","1":"product","2":"type-product","3":"status-publish","4":"has-post-thumbnail","6":"product_cat-relojes","7":"product_cat-seiko","8":"product_cat-seiko-5","9":"product_tag-collector","10":"product_tag-daily-watch","11":"product_tag-estilo-de-vida","12":"product_tag-fuengirola","13":"product_tag-joyeria-en-fuengirola","14":"product_tag-lujo","15":"product_tag-luxury","16":"product_tag-luxury-watches","17":"product_tag-mens-watches","18":"product_tag-relojeria-en-fuengirola","19":"product_tag-relojes-automaticos","20":"product_tag-relojes-de-hombre","21":"product_tag-relojes-de-lujo","22":"product_tag-relojes-de-lujo-en-fuengirola","23":"product_tag-relojes-seiko","24":"product_tag-relojes-seiko-en-fuengirola","25":"product_tag-seiko","26":"product_tag-seiko-5","27":"product_tag-seiko-5-sport-sex","28":"product_tag-seiko-en-fuengirola","29":"product_tag-seiko-skx","30":"product_tag-seiko-watches","31":"product_tag-skx","32":"product_tag-status","34":"first","35":"instock","36":"shipping-taxable","37":"purchasable","38":"product-type-simple"},"_links":{"self":[{"href":"https:\/\/joyeriadreide.com\/index.php?rest_route=\/wp\/v2\/product\/5201","targetHints":{"allow":["GET"]}}],"collection":[{"href":"https:\/\/joyeriadreide.com\/index.php?rest_route=\/wp\/v2\/product"}],"about":[{"href":"https:\/\/joyeriadreide.com\/index.php?rest_route=\/wp\/v2\/types\/product"}],"replies":[{"embeddable":true,"href":"https:\/\/joyeriadreide.com\/index.php?rest_route=%2Fwp%2Fv2%2Fcomments&post=5201"}],"wp:featuredmedia":[{"embeddable":true,"href":"https:\/\/joyeriadreide.com\/index.php?rest_route=\/wp\/v2\/media\/5200"}],"wp:attachment":[{"href":"https:\/\/joyeriadreide.com\/index.php?rest_route=%2Fwp%2Fv2%2Fmedia&parent=5201"}],"wp:term":[{"taxonomy":"product_brand","embeddable":true,"href":"https:\/\/joyeriadreide.com\/index.php?rest_route=%2Fwp%2Fv2%2Fproduct_brand&post=5201"},{"taxonomy":"product_cat","embeddable":true,"href":"https:\/\/joyeriadreide.com\/index.php?rest_route=%2Fwp%2Fv2%2Fproduct_cat&post=5201"},{"taxonomy":"product_tag","embeddable":true,"href":"https:\/\/joyeriadreide.com\/index.php?rest_route=%2Fwp%2Fv2%2Fproduct_tag&post=5201"}],"curies":[{"name":"wp","href":"https:\/\/api.w.org\/{rel}","templated":true}]}}