{"id":5143,"date":"2025-11-21T22:02:50","date_gmt":"2025-11-21T22:02:50","guid":{"rendered":"https:\/\/joyeriadreide.com\/?product=seiko-rotocall-quartz-ref-smgg19"},"modified":"2025-11-21T22:13:13","modified_gmt":"2025-11-21T22:13:13","slug":"seiko-rotocall-quartz-ref-smgg19","status":"publish","type":"product","link":"https:\/\/joyeriadreide.com\/?product=seiko-rotocall-quartz-ref-smgg19","title":{"rendered":"Seiko Rotocall Quartz&#8230;&#8230;&#8230;..Ref :SMGG19"},"content":{"rendered":"<p>\u00a0 \u00a0 \u00a0 \u00a0 \u00a0 \u00a0 \u00a0 \u00a0 \u00a0 \u00a0 \u00a0 \u00a0 \u00a0 \u00a0 \u00a0 \u00a0 \u00a0 \u00a0 \u00a0 \u00a0 \u00a0 \u00a0 \u00a0 \u00a0 \u00a0 \u00a0 \u00a0 \u00a0 \u00a0 \u00a0 \u00a0 \u00a0ESPECIFICACIONES TECNICAS<\/p>\n<p>MOVIMIENTO : Calibre Seiko Cuarzo A824 digital<\/p>\n<p>FUNCIONES : Cron\u00f3grafo de hasta 100h con incrementos 1\/100 seg,cuenta atr\u00e1s,alarma simple y diaria, fechador,dia de la semana, a\u00f1o,doble uso horario, horas con indicador am y pm,minutos,segundos.<\/p>\n<p>CAJA : Acero 316l tripartita con carrura pulida monobloque de asas satinadas integradas y perforadas para facilitar manipulaci\u00f3n con el pin, fondo roscado, bisel octogonal bidireccional para manipulaci\u00f3n del salto de funciones,orla bicolor con d\u00edgitos de las funciones transferidos,botoneria en carrura para ajustes de las funciones y manipulaci\u00f3n del chrono.<\/p>\n<p>TAMA\u00d1O : 37.0mm<\/p>\n<p>GROSOR : 10.6mm<\/p>\n<p>PESO &#8230;.: \u00a0107.0gr<\/p>\n<p>CRISTAL : Hardlex<\/p>\n<p>ESFERA : Dividida en dos sector digital de tipo LCD<\/p>\n<p>RESISTENCIA AL AGUA : 100M ( 10 Atm )<\/p>\n<p>CORREA : Armix de acero 316l multi eslabon pulido y satinado articulado, cierre de seguridad de doble hoja con pulsadores de seguridad.<\/p>\n<p>GARANTIA : 3 a\u00f1os oficial<\/p>\n","protected":false},"excerpt":{"rendered":"<p>Seiko nos trae de vuelta un guardatiempo tan excepcional como hist\u00f3rico no solo en la historia de la marca si no del mundo relojero.El Seiko Rotocall con su ingenioso sistema de bisel rotativo bidireccional para saltar y manipular las funciones que de si mismo le da su nombre,se dise\u00f1o para ser usado con guantes de traje de astronauta, de hecho el Rotocall se utilizo en 150 misiones espaciales de importantes astronautas como Sally Ride,Kathryn Sullivan,Anna Fisher entre otros.No solo disfrutaras del estilo retro de los 80 si no que tambi\u00e9n,llevaras un poco de la historia relojera en tu mu\u00f1eca.<\/p>\n","protected":false},"featured_media":5127,"comment_status":"open","ping_status":"closed","template":"","meta":[],"product_brand":[],"product_cat":[194,196],"product_tag":[837,1081,898,829,1118,855,922,1119,1120,897,819,896,1117,1023,245,1001,1116,1022,1038],"class_list":{"0":"post-5143","1":"product","2":"type-product","3":"status-publish","4":"has-post-thumbnail","6":"product_cat-relojes","7":"product_cat-seiko","8":"product_tag-exclusividad","9":"product_tag-japan","10":"product_tag-joyeria-en-fuengirola","11":"product_tag-lujo","12":"product_tag-nasa","13":"product_tag-reloj","14":"product_tag-reloj-de-mujer","15":"product_tag-reloj-de-piloto","16":"product_tag-reloj-dehombre","17":"product_tag-relojeria-en-fuengirola","18":"product_tag-relojes","19":"product_tag-relojes-de-lujo","20":"product_tag-relojes-digitales","21":"product_tag-relojes-seiko","22":"product_tag-seiko","23":"product_tag-seiko-en-fuengirola","24":"product_tag-seiko-rotocall","25":"product_tag-seiko-watches","26":"product_tag-watchmaking","28":"first","29":"instock","30":"shipping-taxable","31":"purchasable","32":"product-type-simple"},"_links":{"self":[{"href":"https:\/\/joyeriadreide.com\/index.php?rest_route=\/wp\/v2\/product\/5143","targetHints":{"allow":["GET"]}}],"collection":[{"href":"https:\/\/joyeriadreide.com\/index.php?rest_route=\/wp\/v2\/product"}],"about":[{"href":"https:\/\/joyeriadreide.com\/index.php?rest_route=\/wp\/v2\/types\/product"}],"replies":[{"embeddable":true,"href":"https:\/\/joyeriadreide.com\/index.php?rest_route=%2Fwp%2Fv2%2Fcomments&post=5143"}],"wp:featuredmedia":[{"embeddable":true,"href":"https:\/\/joyeriadreide.com\/index.php?rest_route=\/wp\/v2\/media\/5127"}],"wp:attachment":[{"href":"https:\/\/joyeriadreide.com\/index.php?rest_route=%2Fwp%2Fv2%2Fmedia&parent=5143"}],"wp:term":[{"taxonomy":"product_brand","embeddable":true,"href":"https:\/\/joyeriadreide.com\/index.php?rest_route=%2Fwp%2Fv2%2Fproduct_brand&post=5143"},{"taxonomy":"product_cat","embeddable":true,"href":"https:\/\/joyeriadreide.com\/index.php?rest_route=%2Fwp%2Fv2%2Fproduct_cat&post=5143"},{"taxonomy":"product_tag","embeddable":true,"href":"https:\/\/joyeriadreide.com\/index.php?rest_route=%2Fwp%2Fv2%2Fproduct_tag&post=5143"}],"curies":[{"name":"wp","href":"https:\/\/api.w.org\/{rel}","templated":true}]}}