{"id":5122,"date":"2025-03-12T20:23:15","date_gmt":"2025-03-12T20:23:15","guid":{"rendered":"https:\/\/joyeriadreide.com\/?product=seiko-prospex-speedtimer-solar-ref-ssc911"},"modified":"2025-11-10T04:08:37","modified_gmt":"2025-11-10T04:08:37","slug":"seiko-prospex-speedtimer-solar-ref-ssc911","status":"publish","type":"product","link":"https:\/\/joyeriadreide.com\/?product=seiko-prospex-speedtimer-solar-ref-ssc911","title":{"rendered":"Seiko Prospex SpeedTimer Solar &#8230;&#8230;Ref : SSC911"},"content":{"rendered":"<p>\u00a0 \u00a0 \u00a0 \u00a0 \u00a0 \u00a0 \u00a0 \u00a0 \u00a0 \u00a0 \u00a0 \u00a0 \u00a0 \u00a0 \u00a0 \u00a0 \u00a0 \u00a0 \u00a0 \u00a0 \u00a0 \u00a0 \u00a0 \u00a0 \u00a0 \u00a0 \u00a0 \u00a0 \u00a0 \u00a0ESPECIFICACIONES TECNICAS<\/p>\n<p>MOVIMIENTO : Calibre Seiko Solar V192\u00a0<\/p>\n<p>FUNCIONES : Cron\u00f3grafo de hasta 60 minutos con incrementos de 1\/5 de seg &#8211; Funcion de prevenci\u00f3n de sobrecarga &#8211; Aguja de 24h &#8211; Peque\u00f1o segundero &#8211; Trotadora central de crono &#8211; Indicaci\u00f3n de reserva de carga 6 meses aprox &#8211; Fechador.<\/p>\n<p>CAJA : Acero 316l tripartita de carrura pulida y asas satinadas, pulsadores del crono de tipo pist\u00f3n,corona estriada para facil grip,fondo roscado,bisel fijo en acero con anillo en aluminio adonizado bicolor,escala de taqu\u00edmetro transferida en blanca.<\/p>\n<p>TAMA\u00d1O : 41.4mm<\/p>\n<p>GROSOR : 13mm<\/p>\n<p>PESO : 164gr<\/p>\n<p>CRISTAL : Zafiro curvado con tratamiento antireflejo en ambas caras.<\/p>\n<p>RESISTENCIA AL AGUA : 100M ( 10 Atm )<\/p>\n<p>ESFERA : Plata satinada de tipo tricompax,escala de segundos en blanca en realce, indices aplicados tratados en Lumibrite,agujas tratadas en negro con Lumibrite,trotadora central de crono en rojo,los registros funcionan como receptores de luz para carga del acumulador,en las 9h peque\u00f1o segundero,6h totalizador de 60min con indicador de reserva de carga,fechador.<\/p>\n<p>BRAZALETE : Acero 316l satinado, eslabones compuestos de 3 partes, totalmente articulado, cierre de seguridad de doble hoja con pulsadores de seguridad.<\/p>\n<p>GARANTIA : 3 a\u00f1os oficial<\/p>\n","protected":false},"excerpt":{"rendered":"<p><\/p>\n","protected":false},"featured_media":5121,"comment_status":"open","ping_status":"closed","template":"","meta":[],"product_brand":[],"product_cat":[323,194,196],"product_tag":[428,908,816,900,1008,898,829,446,1110,374,1107,897,896,1023,1106,245,1001,369,1109,1108,1105,1022,1111,836],"class_list":{"0":"post-5122","1":"product","2":"type-product","3":"status-publish","4":"has-post-thumbnail","6":"product_cat-prospex","7":"product_cat-relojes","8":"product_cat-seiko","9":"product_tag-chronograph","10":"product_tag-chronograph-watches","11":"product_tag-coleccionista","12":"product_tag-estilo-de-vida","13":"product_tag-joyeria-dreide","14":"product_tag-joyeria-en-fuengirola","15":"product_tag-lujo","16":"product_tag-luxury-watches","17":"product_tag-premiun","18":"product_tag-prospex","19":"product_tag-prospex-speedtimer","20":"product_tag-relojeria-en-fuengirola","21":"product_tag-relojes-de-lujo","22":"product_tag-relojes-seiko","23":"product_tag-relojes-solares","24":"product_tag-seiko","25":"product_tag-seiko-en-fuengirola","26":"product_tag-seiko-prospex","27":"product_tag-seiko-prospex-solar","28":"product_tag-seiko-prospex-speedtimer","29":"product_tag-seiko-solar","30":"product_tag-seiko-watches","31":"product_tag-ssc911watch-collector","32":"product_tag-status","34":"first","35":"instock","36":"shipping-taxable","37":"purchasable","38":"product-type-simple"},"_links":{"self":[{"href":"https:\/\/joyeriadreide.com\/index.php?rest_route=\/wp\/v2\/product\/5122","targetHints":{"allow":["GET"]}}],"collection":[{"href":"https:\/\/joyeriadreide.com\/index.php?rest_route=\/wp\/v2\/product"}],"about":[{"href":"https:\/\/joyeriadreide.com\/index.php?rest_route=\/wp\/v2\/types\/product"}],"replies":[{"embeddable":true,"href":"https:\/\/joyeriadreide.com\/index.php?rest_route=%2Fwp%2Fv2%2Fcomments&post=5122"}],"wp:featuredmedia":[{"embeddable":true,"href":"https:\/\/joyeriadreide.com\/index.php?rest_route=\/wp\/v2\/media\/5121"}],"wp:attachment":[{"href":"https:\/\/joyeriadreide.com\/index.php?rest_route=%2Fwp%2Fv2%2Fmedia&parent=5122"}],"wp:term":[{"taxonomy":"product_brand","embeddable":true,"href":"https:\/\/joyeriadreide.com\/index.php?rest_route=%2Fwp%2Fv2%2Fproduct_brand&post=5122"},{"taxonomy":"product_cat","embeddable":true,"href":"https:\/\/joyeriadreide.com\/index.php?rest_route=%2Fwp%2Fv2%2Fproduct_cat&post=5122"},{"taxonomy":"product_tag","embeddable":true,"href":"https:\/\/joyeriadreide.com\/index.php?rest_route=%2Fwp%2Fv2%2Fproduct_tag&post=5122"}],"curies":[{"name":"wp","href":"https:\/\/api.w.org\/{rel}","templated":true}]}}