{"id":5077,"date":"2025-01-29T18:48:33","date_gmt":"2025-01-29T18:48:33","guid":{"rendered":"https:\/\/joyeriadreide.com\/?product=frede-2"},"modified":"2025-11-10T04:06:23","modified_gmt":"2025-11-10T04:06:23","slug":"frede-2","status":"publish","type":"product","link":"https:\/\/joyeriadreide.com\/?product=frede-2","title":{"rendered":"Frederique Constant Highlife Chronograph Automatic Edicion Limitada a 1888 piezas&#8230;..Ref : FC-391WN4NH6"},"content":{"rendered":"<p data-mce-style=\"text-align: left;\">\u00a0 \u00a0 \u00a0 \u00a0 \u00a0 \u00a0 \u00a0 \u00a0 \u00a0 \u00a0 \u00a0 \u00a0 \u00a0 \u00a0 \u00a0 \u00a0 \u00a0 \u00a0 \u00a0 \u00a0 \u00a0 \u00a0 \u00a0 \u00a0 \u00a0 \u00a0 \u00a0 \u00a0 \u00a0 \u00a0 \u00a0 \u00a0 \u00a0ESPECIFICACIONES TECNICAS<\/p>\n<p>MOVIMIENTO : Calibre FC-391 Base La Joux Perret LJPL110 Automatico con posibilidad de carga manual,accionamiento del cron\u00f3grafo mediante rueda de pilar &#8211; 28.800 a\/h &#8211; 4hz &#8211; 26 rubis &#8211; 60h de reserva de marcha &#8211; puentes matizados decorados con Cotes d\u00b4Geneve vertical, masa oscilante tratada en pvd amarillo.<\/p>\n<p>FUNCIONES : Cron\u00f3grafo con totalizador de 30min &#8211; 12h &#8211; Trotadora central de crono &#8211; Peque\u00f1o segundero &#8211; Fechador.<\/p>\n<p>CAJA : Acero tripartita,fusion de dise\u00f1o de carrura tonneau pulida y satinada en lineas verticales, corona estriada con logo de la casa, pulsadores del cron\u00f3grafo star-stop-reset rectangulares,dise\u00f1o facetado en forma de media luna al brillo desarrollado para integrar el ajuste de la correa con sistema easy change para intercambio r\u00e1pido de correa.Fondo atornillado abierto con cristal de zafiro que deja ver el movimiento.<\/p>\n<p>TAMA\u00d1O : 41mm<\/p>\n<p>GROSOR : 14.22mm<\/p>\n<p>CRISTAL : Zafiro con tratamiento antireflejo en ambas caras,en reverso cristal de zafiro.<\/p>\n<p>RESISTENCIA AL AGUA : 100M ( 10 Atm )<\/p>\n<p>ESFERA : Blanca de tipo panda con registros del crono en azul y decoraci\u00f3n de mapa mundi.Indices en forma de bast\u00f3n aplicados tratados en Superluminova,agujas minutera y horaria tratadas en Superluminova,tortadora central del crono en bast\u00f3n con contra peso.Escala de segundos a modo de realce en azul.<\/p>\n<p>Registros del crono en siguiente distribucion : En las 6h totalizador de 12h &#8211; 3h totalizador de 30 min &#8211; Trotadora central del crono &#8211; 9h peque\u00f1o segundero.<\/p>\n<p>BRAZALETE : Correa de piel de becerro con acabado nobuk y estampado de Cocodrilo,cierre ardillon de acero.Armix adicional incluido en precio de acero exclusivo de la linea Highlife.<\/p>\n<p>GARANTIA : 2 a\u00f1os oficial<\/p>\n","protected":false},"excerpt":{"rendered":"<p><\/p>\n","protected":false},"featured_media":5060,"comment_status":"open","ping_status":"closed","template":"","meta":[],"product_brand":[],"product_cat":[207,298,295,297,194],"product_tag":[],"class_list":{"0":"post-5077","1":"product","2":"type-product","3":"status-publish","4":"has-post-thumbnail","6":"product_cat-frederique-constant","7":"product_cat-highlife","8":"product_cat-hombre","9":"product_cat-manufacture","10":"product_cat-relojes","12":"first","13":"instock","14":"shipping-taxable","15":"purchasable","16":"product-type-simple"},"_links":{"self":[{"href":"https:\/\/joyeriadreide.com\/index.php?rest_route=\/wp\/v2\/product\/5077","targetHints":{"allow":["GET"]}}],"collection":[{"href":"https:\/\/joyeriadreide.com\/index.php?rest_route=\/wp\/v2\/product"}],"about":[{"href":"https:\/\/joyeriadreide.com\/index.php?rest_route=\/wp\/v2\/types\/product"}],"replies":[{"embeddable":true,"href":"https:\/\/joyeriadreide.com\/index.php?rest_route=%2Fwp%2Fv2%2Fcomments&post=5077"}],"wp:featuredmedia":[{"embeddable":true,"href":"https:\/\/joyeriadreide.com\/index.php?rest_route=\/wp\/v2\/media\/5060"}],"wp:attachment":[{"href":"https:\/\/joyeriadreide.com\/index.php?rest_route=%2Fwp%2Fv2%2Fmedia&parent=5077"}],"wp:term":[{"taxonomy":"product_brand","embeddable":true,"href":"https:\/\/joyeriadreide.com\/index.php?rest_route=%2Fwp%2Fv2%2Fproduct_brand&post=5077"},{"taxonomy":"product_cat","embeddable":true,"href":"https:\/\/joyeriadreide.com\/index.php?rest_route=%2Fwp%2Fv2%2Fproduct_cat&post=5077"},{"taxonomy":"product_tag","embeddable":true,"href":"https:\/\/joyeriadreide.com\/index.php?rest_route=%2Fwp%2Fv2%2Fproduct_tag&post=5077"}],"curies":[{"name":"wp","href":"https:\/\/api.w.org\/{rel}","templated":true}]}}