{"id":5031,"date":"2025-01-17T23:07:21","date_gmt":"2025-01-17T23:07:21","guid":{"rendered":"https:\/\/joyeriadreide.com\/?product=seiko"},"modified":"2025-01-19T23:35:56","modified_gmt":"2025-01-19T23:35:56","slug":"seiko","status":"publish","type":"product","link":"https:\/\/joyeriadreide.com\/?product=seiko","title":{"rendered":"Seiko Prospex Trutle Edicion Especial Padi Automatic Divers 200M&#8230;..Ref : SRPE99"},"content":{"rendered":"<p>\u00a0 \u00a0 \u00a0 \u00a0 \u00a0 \u00a0 \u00a0 \u00a0 \u00a0 \u00a0 \u00a0 \u00a0 \u00a0 \u00a0 \u00a0 \u00a0 \u00a0 \u00a0 \u00a0 \u00a0 \u00a0 \u00a0 \u00a0 \u00a0 \u00a0 \u00a0 \u00a0 \u00a0 \u00a0 \u00a0 \u00a0 ESPECIFICACIONES TECNICAS<\/p>\n<p>MOVIMIENTO : Seiko Calibre Automatico con capacidad de carga manual 4R36 &#8211; 21.600 a\/h &#8211; 3.5hz &#8211; aprox 41h de reserva de marcha &#8211; 24 rubis &#8211; funci\u00f3n de parada de segundos &#8211; fechador y dia de la semana en las 3h.<\/p>\n<p>CAJA : Acero 316l tripartita asim\u00e9trica,carrura monobloque de asas integradas de tipo coj\u00edn matizada, fondo y corona en las 4h roscados, bisel unidireccional de acero,orla de aluminio bicolor adonizado con escala de tiempo de inmersi\u00f3n transferida.<\/p>\n<p>Tama\u00f1o : 45mm<\/p>\n<p>Grosor : 13.4mm<\/p>\n<p>Peso : 195.0 gr<\/p>\n<p>Cristal : Hardlex con lente ciclope.<\/p>\n<p>Resistencia al agua : 200M ( 20 atm )<\/p>\n<p>Esfera : Azul edicion especial Padi,sedigrafia en blanca caracter\u00edstica para esta edicion especial, indices aplicados tratados en Lumibrite.Agujas horaria y minutera en punta de flecha roja tratadas en lumibrite,tortadora central de segundos en bast\u00f3n gris y negra con contrapeso tratado en Lumibrite,fechador y dia de la semana en ventanilla a las 3h.<\/p>\n<p>Brazalete : Armix de acero con tratamiento superhard,cierre de doble hoja con parte extensible para usar con traje de inmersi\u00f3n,cierre con bot\u00f3n extensor.<\/p>\n<p>Garantia : 3 a\u00f1os oficial<\/p>\n","protected":false},"excerpt":{"rendered":"<p>Un diver brutal&#8230;.El Seiko Pospex Turtle Edition Especial Padi en la referencia srpe99 es una de las piezas mas ic\u00f3nicas en la era moderna de seiko,muy deseada por coleccionistas ademas de ser dentro de la extensa colecci\u00f3n seiko un best seller,su caja de tipo coj\u00edn es una fiel reinterpretacion de los seiko profesional divers primigenios de 1965.Hoy seiko nos la ofrece benefici\u00e1ndose de las evoluciones y t\u00e9cnicas mas modernas..Los colores de bisel y esfera con su caracteristica sedigrafia en blanca, son concretas de la colabaracion de Seiko y Padi la compa\u00f1\u00eda de buceadores profesionales mas importante del mundo.La linea prospex divers de seiko son divers de excelente calidad con unos estandartes t\u00e9cnicos muy considerables.Deseada y elegida por los mejores buceadores de inmersi\u00f3n y inmersi\u00f3n de saturaci\u00f3n del mundo.<\/p>\n","protected":false},"featured_media":5029,"comment_status":"open","ping_status":"closed","template":"","meta":[],"product_brand":[],"product_cat":[323,194,196],"product_tag":[996,1046,900,801,1081,1008,809,1093,446,1090,1091,374,1088,994,896,1082,1023,245,1001,369,1089,1092,1022,1087],"class_list":{"0":"post-5031","1":"product","2":"type-product","3":"status-publish","4":"has-post-thumbnail","6":"product_cat-prospex","7":"product_cat-relojes","8":"product_cat-seiko","9":"product_tag-automatic-watches","10":"product_tag-dreide-joyeros","11":"product_tag-estilo-de-vida","12":"product_tag-fuengirola","13":"product_tag-japan","14":"product_tag-joyeria-dreide","15":"product_tag-lifestyle","16":"product_tag-lujo-jewelry-shop-fuengirola","17":"product_tag-luxury-watches","18":"product_tag-prospe-turtle","19":"product_tag-prospes-turtle-pads","20":"product_tag-prospex","21":"product_tag-prospex-padi","22":"product_tag-relojes-automaticos","23":"product_tag-relojes-de-lujo","24":"product_tag-relojes-japoneses","25":"product_tag-relojes-seiko","26":"product_tag-seiko","27":"product_tag-seiko-en-fuengirola","28":"product_tag-seiko-prospex","29":"product_tag-seiko-prospex-padi","30":"product_tag-seiko-prospex-turtle-padi","31":"product_tag-seiko-watches","32":"product_tag-watch-shop-fuengirola","34":"first","35":"instock","36":"shipping-taxable","37":"purchasable","38":"product-type-simple"},"_links":{"self":[{"href":"https:\/\/joyeriadreide.com\/index.php?rest_route=\/wp\/v2\/product\/5031","targetHints":{"allow":["GET"]}}],"collection":[{"href":"https:\/\/joyeriadreide.com\/index.php?rest_route=\/wp\/v2\/product"}],"about":[{"href":"https:\/\/joyeriadreide.com\/index.php?rest_route=\/wp\/v2\/types\/product"}],"replies":[{"embeddable":true,"href":"https:\/\/joyeriadreide.com\/index.php?rest_route=%2Fwp%2Fv2%2Fcomments&post=5031"}],"wp:featuredmedia":[{"embeddable":true,"href":"https:\/\/joyeriadreide.com\/index.php?rest_route=\/wp\/v2\/media\/5029"}],"wp:attachment":[{"href":"https:\/\/joyeriadreide.com\/index.php?rest_route=%2Fwp%2Fv2%2Fmedia&parent=5031"}],"wp:term":[{"taxonomy":"product_brand","embeddable":true,"href":"https:\/\/joyeriadreide.com\/index.php?rest_route=%2Fwp%2Fv2%2Fproduct_brand&post=5031"},{"taxonomy":"product_cat","embeddable":true,"href":"https:\/\/joyeriadreide.com\/index.php?rest_route=%2Fwp%2Fv2%2Fproduct_cat&post=5031"},{"taxonomy":"product_tag","embeddable":true,"href":"https:\/\/joyeriadreide.com\/index.php?rest_route=%2Fwp%2Fv2%2Fproduct_tag&post=5031"}],"curies":[{"name":"wp","href":"https:\/\/api.w.org\/{rel}","templated":true}]}}