{"id":5014,"date":"2024-12-29T23:20:30","date_gmt":"2024-12-29T23:20:30","guid":{"rendered":"https:\/\/joyeriadreide.com\/?product=victorinox-swiss-army-dive-pro-quartz-ref-v24990"},"modified":"2025-01-14T08:04:07","modified_gmt":"2025-01-14T08:04:07","slug":"victorinox-swiss-army-dive-pro-quartz-ref-v24990","status":"publish","type":"product","link":"https:\/\/joyeriadreide.com\/?product=victorinox-swiss-army-dive-pro-quartz-ref-v24990","title":{"rendered":"Victorinox Swiss Army Inox Dive Pro Quartz&#8230;&#8230;.Ref : V241990"},"content":{"rendered":"<p>\u00a0 \u00a0 \u00a0 \u00a0 \u00a0 \u00a0 \u00a0 \u00a0 \u00a0 \u00a0 \u00a0 \u00a0 \u00a0 \u00a0 \u00a0 \u00a0 \u00a0 \u00a0 \u00a0 \u00a0 \u00a0 \u00a0 \u00a0 \u00a0 \u00a0 \u00a0 \u00a0 \u00a0 \u00a0 \u00a0 ESPECIFICACIONES TECNICAS<\/p>\n<p>MOVMIENTO : Quartz Suizo \u00a0Analogico<\/p>\n<p>FUNCIONES : Horas &#8211; Minutos &#8211; Segundos centrales &#8211; Fechador.<\/p>\n<p>CAJA : Acero 316l tripartita antimagn\u00e9tica y resistente a impactos,carrura monobloque de asas integradas, bisel unidireccional con escala de tiempo de inmersi\u00f3n grabada y tratada en negro con graduaci\u00f3n de 20min,facetado y estriado con tratamiento para alta resistencia los ara\u00f1azos, corona y fondo roscados.<\/p>\n<p>TAMA\u00d1O : 43mm<\/p>\n<p>GROSOR : 14mm<\/p>\n<p>PESO : 132gr<\/p>\n<p>CRISTAL : Zafiro con tratamiento antirreflectante en ambas caras.<\/p>\n<p>RESISTENCIA AL AGUA : 300M ( 30 Atm Iso6425 )<\/p>\n<p>ESFERA : Negra con indices aplicados tratadas en Superluminova,escala de segundos transferida en blanca, fechador en las 3h,agujas minutera y horaria parcialmente caladas tratadas en Superluminova,trotadora central de segundos en tras colores con lollipop tratado en Superluminova.<\/p>\n<p>BRAZALETE : Correa de caucho negra de alta calidad de tipo acorde\u00f3n con cierre ardillon<\/p>\n<p>GARANTIA : 5 a\u00f1os oficial.<\/p>\n","protected":false},"excerpt":{"rendered":"<p><\/p>\n","protected":false},"featured_media":4974,"comment_status":"open","ping_status":"closed","template":"","meta":[],"product_brand":[],"product_cat":[328,331,334,194,213],"product_tag":[824,816,895,1046,1072,1005,1008,898,829,808,446,934,373,1074,897,896,1075,419,910,1073,888,1076,926,1077],"class_list":{"0":"post-5014","1":"product","2":"type-product","3":"status-publish","4":"has-post-thumbnail","6":"product_cat-hombre-victorinox","7":"product_cat-i-n-o-x","8":"product_cat-i-n-o-x-profesional-diver","9":"product_cat-relojes","10":"product_cat-victorinox","11":"product_tag-buceo","12":"product_tag-coleccionista","13":"product_tag-dive-watch","14":"product_tag-dreide-joyeros","15":"product_tag-inox-dive-pro","16":"product_tag-jewellery-shop","17":"product_tag-joyeria-dreide","18":"product_tag-joyeria-en-fuengirola","19":"product_tag-lujo","20":"product_tag-luxury","21":"product_tag-luxury-watches","22":"product_tag-marcas-de-lujo","23":"product_tag-profesional-diver","24":"product_tag-reloj-de-buceo","25":"product_tag-relojeria-en-fuengirola","26":"product_tag-relojes-de-lujo","27":"product_tag-relojes-victorinox-en-fuengirola","28":"product_tag-victorinox","29":"product_tag-victorinox-en-fuengirola","30":"product_tag-victorinox-inox-dive-pro","31":"product_tag-victorinox-swiss-army","32":"product_tag-victorinox-swiss-army-fuengirola","33":"product_tag-watch-collector","34":"product_tag-watches-fuengirola","36":"first","37":"instock","38":"shipping-taxable","39":"purchasable","40":"product-type-simple"},"_links":{"self":[{"href":"https:\/\/joyeriadreide.com\/index.php?rest_route=\/wp\/v2\/product\/5014","targetHints":{"allow":["GET"]}}],"collection":[{"href":"https:\/\/joyeriadreide.com\/index.php?rest_route=\/wp\/v2\/product"}],"about":[{"href":"https:\/\/joyeriadreide.com\/index.php?rest_route=\/wp\/v2\/types\/product"}],"replies":[{"embeddable":true,"href":"https:\/\/joyeriadreide.com\/index.php?rest_route=%2Fwp%2Fv2%2Fcomments&post=5014"}],"wp:featuredmedia":[{"embeddable":true,"href":"https:\/\/joyeriadreide.com\/index.php?rest_route=\/wp\/v2\/media\/4974"}],"wp:attachment":[{"href":"https:\/\/joyeriadreide.com\/index.php?rest_route=%2Fwp%2Fv2%2Fmedia&parent=5014"}],"wp:term":[{"taxonomy":"product_brand","embeddable":true,"href":"https:\/\/joyeriadreide.com\/index.php?rest_route=%2Fwp%2Fv2%2Fproduct_brand&post=5014"},{"taxonomy":"product_cat","embeddable":true,"href":"https:\/\/joyeriadreide.com\/index.php?rest_route=%2Fwp%2Fv2%2Fproduct_cat&post=5014"},{"taxonomy":"product_tag","embeddable":true,"href":"https:\/\/joyeriadreide.com\/index.php?rest_route=%2Fwp%2Fv2%2Fproduct_tag&post=5014"}],"curies":[{"name":"wp","href":"https:\/\/api.w.org\/{rel}","templated":true}]}}