{"id":5013,"date":"2024-12-29T22:40:50","date_gmt":"2024-12-29T22:40:50","guid":{"rendered":"https:\/\/joyeriadreide.com\/?product=seiko-prospex-land-alpinist-automatic-ref-spb121j1"},"modified":"2025-01-14T08:02:56","modified_gmt":"2025-01-14T08:02:56","slug":"seiko-prospex-land-alpinist-automatic-ref-spb121j1","status":"publish","type":"product","link":"https:\/\/joyeriadreide.com\/?product=seiko-prospex-land-alpinist-automatic-ref-spb121j1","title":{"rendered":"Seiko Prospex Land Alpinist Automatic&#8230;&#8230;Ref : SPB121J1"},"content":{"rendered":"<p>\u00a0 \u00a0 \u00a0 \u00a0 \u00a0 \u00a0 \u00a0 \u00a0 \u00a0 \u00a0 \u00a0 \u00a0 \u00a0 \u00a0 \u00a0 \u00a0 \u00a0 \u00a0 \u00a0 \u00a0 \u00a0 \u00a0 \u00a0 \u00a0 \u00a0 \u00a0 \u00a0 \u00a0 \u00a0 \u00a0ESPECIFICACIONES TECNICAS<\/p>\n<p>MOVIMIENTO : Calibre Seiko 6R35 Trimatic con tres tecnolog\u00edas seiko 1 palanca m\u00e1gica de carga r\u00e1pida \u00a02 Antichoque Diashock 3 muelle de carga Sprong,opcion de remonte manual &#8211; 21.600 a\/h &#8211; 3.5hz &#8211; 70h de reserva de marcha &#8211; 24 rubis.<\/p>\n<p>FUNCIONES : Horas &#8211; Minutos &#8211; Segundos centrales &#8211; fechador &#8211; Brujula en anillo en realce bidireccional.<\/p>\n<p>CAJA : Acero 316l tripartita con tratamiento superhard coating,bisel y carrura pulidos,asas matizadas,corona y fondo abierto con cristal de zafiro roscados, corona auxiliar en las 4h para manipular el disco interior a modo de brujula.<\/p>\n<p>TAMA\u00d1O : 39.5mm\u00a0<\/p>\n<p>GROSOR : 13.2mm<\/p>\n<p>PESO :87gr<\/p>\n<p>CRISTAL : Cristal de zafiro con lente ciclope y en reverso cristal de zafiro.<\/p>\n<p>RESISTENCIA AL AGUA : 200M ( 20 Atm Iso6425 )<\/p>\n<p>ESFERA : Verde con ligero efecto de rayo de sol,escala de segundos de tipo ferrocarril blanca transferida,indices aplicados dorados acompa\u00f1ados de puntos en Lumibrite,realce con disco giratorio bidireccional a modo de brujula,fechador en las 3h,agujas minutera y horaria doradas de tipo catedral tratadas en Lumibrite,trotadora de segundos centrales en dorada con punta de flecha tratada en Lumibrite.<\/p>\n<p>BRAZALETE : Correa de piel genuina de alta calidad con cierre desplegable de acero de doble hoja.<\/p>\n<p>GARANTIA : 3 a\u00f1os oficial<\/p>\n","protected":false},"excerpt":{"rendered":"<p>Un guardatiempo formidable y muy buscado por los puristas de seiko y coleccionistas.El seiko Prospex Alpinist es una pieza emblematica y con mucha historia dentro de la colecci\u00f3n seiko,practicamente se puede considerar el primer reloj de seiko deportivo.Su primer lanzamiento en 1959 bajo un modelo Laurel,fue evolucionando hasta esta generaci\u00f3n que es la VI,durante su extensa historia esta pieza a sido puesta aprueba en la mu\u00f1eca de los alpinistas mas audaces en condiciones reales.Toda esa experiencia nos trae hoy esta generaci\u00f3n del Alpinist,ya hoy con cristal de zafiro, un magnifico movimiento trimatic el 6R35 \u00a0con 70h de reserva de marcha,sumergible a 200m,su caracteristica brujula interior con el anillo bidireccional,su caja de acero 316l con tratamiento superhard coating modernizada pero conservando ese aire de las generaciones anteriores y sobre todo manteniendo un compacto y muy acertado tama\u00f1o de 39.5mm ademas de una alta resistencia magnetica.Todo un instrumento que ademas no solo lo podr\u00e1s llevar de aventuras extremas,tambien es perfecto con un taje y tus reuniones mas exigente.<\/p>\n","protected":false},"featured_media":5011,"comment_status":"open","ping_status":"closed","template":"","meta":[],"product_brand":[],"product_cat":[323,194,196],"product_tag":[816,1046,1064,1005,1008,898,829,808,924,446,1070,374,1065,1069,897,819,896,1023,245,1001,369,1066,1068,1067,1022,1071,926],"class_list":{"0":"post-5013","1":"product","2":"type-product","3":"status-publish","4":"has-post-thumbnail","6":"product_cat-prospex","7":"product_cat-relojes","8":"product_cat-seiko","9":"product_tag-coleccionista","10":"product_tag-dreide-joyeros","11":"product_tag-dreidesl","12":"product_tag-jewellery-shop","13":"product_tag-joyeria-dreide","14":"product_tag-joyeria-en-fuengirola","15":"product_tag-lujo","16":"product_tag-luxury","17":"product_tag-luxury-lifestyle","18":"product_tag-luxury-watches","19":"product_tag-mens-wattches","20":"product_tag-prospex","21":"product_tag-prospex-alpinist","22":"product_tag-relojde-hombre","23":"product_tag-relojeria-en-fuengirola","24":"product_tag-relojes","25":"product_tag-relojes-de-lujo","26":"product_tag-relojes-seiko","27":"product_tag-seiko","28":"product_tag-seiko-en-fuengirola","29":"product_tag-seiko-prospex","30":"product_tag-seiko-prospex-land","31":"product_tag-seiko-prospex-land-alpinist","32":"product_tag-seiko-prospex-tierra","33":"product_tag-seiko-watches","34":"product_tag-unique","35":"product_tag-watch-collector","37":"first","38":"instock","39":"shipping-taxable","40":"purchasable","41":"product-type-simple"},"_links":{"self":[{"href":"https:\/\/joyeriadreide.com\/index.php?rest_route=\/wp\/v2\/product\/5013","targetHints":{"allow":["GET"]}}],"collection":[{"href":"https:\/\/joyeriadreide.com\/index.php?rest_route=\/wp\/v2\/product"}],"about":[{"href":"https:\/\/joyeriadreide.com\/index.php?rest_route=\/wp\/v2\/types\/product"}],"replies":[{"embeddable":true,"href":"https:\/\/joyeriadreide.com\/index.php?rest_route=%2Fwp%2Fv2%2Fcomments&post=5013"}],"wp:featuredmedia":[{"embeddable":true,"href":"https:\/\/joyeriadreide.com\/index.php?rest_route=\/wp\/v2\/media\/5011"}],"wp:attachment":[{"href":"https:\/\/joyeriadreide.com\/index.php?rest_route=%2Fwp%2Fv2%2Fmedia&parent=5013"}],"wp:term":[{"taxonomy":"product_brand","embeddable":true,"href":"https:\/\/joyeriadreide.com\/index.php?rest_route=%2Fwp%2Fv2%2Fproduct_brand&post=5013"},{"taxonomy":"product_cat","embeddable":true,"href":"https:\/\/joyeriadreide.com\/index.php?rest_route=%2Fwp%2Fv2%2Fproduct_cat&post=5013"},{"taxonomy":"product_tag","embeddable":true,"href":"https:\/\/joyeriadreide.com\/index.php?rest_route=%2Fwp%2Fv2%2Fproduct_tag&post=5013"}],"curies":[{"name":"wp","href":"https:\/\/api.w.org\/{rel}","templated":true}]}}