{"id":4996,"date":"2024-12-18T19:29:12","date_gmt":"2024-12-18T19:29:12","guid":{"rendered":"https:\/\/joyeriadreide.com\/?product=victorinox-swiss-army-dive-pro-automatic-300m-titanio-ref-v241997"},"modified":"2024-12-27T07:08:55","modified_gmt":"2024-12-27T07:08:55","slug":"victorinox-swiss-army-dive-pro-automatic-300m-titanio-ref-v241997","status":"publish","type":"product","link":"https:\/\/joyeriadreide.com\/?product=victorinox-swiss-army-dive-pro-automatic-300m-titanio-ref-v241997","title":{"rendered":"Victorinox Swiss Army Dive Pro Automatic 300M Titanio&#8230;..Ref : V241997"},"content":{"rendered":"<p>\u00a0 \u00a0 \u00a0 \u00a0 \u00a0 \u00a0 \u00a0 \u00a0 \u00a0 \u00a0 \u00a0 \u00a0 \u00a0 \u00a0 \u00a0 \u00a0 \u00a0 \u00a0 \u00a0 \u00a0 \u00a0 \u00a0 \u00a0 \u00a0 \u00a0 \u00a0 \u00a0 \u00a0 \u00a0 \u00a0 \u00a0 \u00a0 ESPECIFICACIONES TECNICAS<\/p>\n<p>MOVIMIENTO : Automatico con posibilidad de carga manual calibre SW200 &#8211; 28.800 a\/h &#8211; 4hz &#8211; 38h de reserva de marcha &#8211; 26 rubis.<\/p>\n<p>FUNCIONES : Horas &#8211; Minutos &#8211; Segundos,fecha y dia de la semana en ventanilla.<\/p>\n<p>CAJA : Especial arquitectura ultra resistente testada en mas de 130 extremas pruebas tripartita en Titanio grado 2 Antimagnetica,Carrura asim\u00e9trica,bisel,corona roscada tratados en pvd negro ( Deposici\u00f3n f\u00edsica al vapor de oxido de alumino y nitruro de titanio ) Bisel unidireccional con escala de tiempo de inmersi\u00f3n con escala de intervalo de 20 min,fondo roscado en titanio.Las cajas se fabrican en la fabrica de Victorinox en Delemont Suiza.<\/p>\n<p>TAMA\u00d1O : 43mm<\/p>\n<p>PESO : 105gr<\/p>\n<p>CRISTAL : Zafiro con tratamiento AR en ambas caras.<\/p>\n<p>ESFERA : Negra,escala de segundos en blanco transferida, indices aplicados por medio de estampaci\u00f3n resistentes a impactos tratados en Superluminova verde, aguja de minutos semicalada en punta de flecha tratada en Superluminova azul, aguja horaria semicalada tratada en Superluminova verde, trotadora central de segundos decorada en dos tonos.En las 3h Fechador y Dia de la semana en ventanilla.<\/p>\n<p>RESISTENCIA AL AGUA : 300M ( ISO6425 ) Profesional Driver.<\/p>\n<p>BRAZALETE : Correa de caucho de tipo acordeon de alta calidad con hebilla de titanio tratada en pvd negro.<\/p>\n<p>GARANTIA : 5 a\u00f1os oficial.<\/p>\n","protected":false},"excerpt":{"rendered":"<p><\/p>\n","protected":false},"featured_media":4963,"comment_status":"open","ping_status":"closed","template":"","meta":[],"product_brand":[],"product_cat":[328,331,334,335,194,213],"product_tag":[996,824,909,1046,417,1039,1005,1008,898,1045,1041,446,893,373,892,897,819,1042,896,1040,1044,894,899,416,419,1043,888],"class_list":{"0":"post-4996","1":"product","2":"type-product","3":"status-publish","4":"has-post-thumbnail","6":"product_cat-hombre-victorinox","7":"product_cat-i-n-o-x","8":"product_cat-i-n-o-x-profesional-diver","9":"product_cat-i-n-o-x-titanium","10":"product_cat-relojes","11":"product_cat-victorinox","12":"product_tag-automatic-watches","13":"product_tag-buceo","14":"product_tag-dive-watches","15":"product_tag-dreide-joyeros","16":"product_tag-inox","17":"product_tag-inox-dive-pro-automatic","18":"product_tag-jewellery-shop","19":"product_tag-joyeria-dreide","20":"product_tag-joyeria-en-fuengirola","21":"product_tag-joyeria-fuengirola","22":"product_tag-lujo-en-fuengirola","23":"product_tag-luxury-watches","24":"product_tag-mens-watches","25":"product_tag-profesional-diver","26":"product_tag-reloj-de-hombre","27":"product_tag-relojeria-en-fuengirola","28":"product_tag-relojes","29":"product_tag-relojes-automatics","30":"product_tag-relojes-de-lujo","31":"product_tag-relojes-en-fuengirola","32":"product_tag-relojes-para-hombre","33":"product_tag-relojes-suizos","34":"product_tag-swiss-made-watches","35":"product_tag-swissmade","36":"product_tag-victorinox","37":"product_tag-victorinox-fuengirola","38":"product_tag-victorinox-swiss-army","40":"first","41":"instock","42":"shipping-taxable","43":"purchasable","44":"product-type-simple"},"_links":{"self":[{"href":"https:\/\/joyeriadreide.com\/index.php?rest_route=\/wp\/v2\/product\/4996","targetHints":{"allow":["GET"]}}],"collection":[{"href":"https:\/\/joyeriadreide.com\/index.php?rest_route=\/wp\/v2\/product"}],"about":[{"href":"https:\/\/joyeriadreide.com\/index.php?rest_route=\/wp\/v2\/types\/product"}],"replies":[{"embeddable":true,"href":"https:\/\/joyeriadreide.com\/index.php?rest_route=%2Fwp%2Fv2%2Fcomments&post=4996"}],"wp:featuredmedia":[{"embeddable":true,"href":"https:\/\/joyeriadreide.com\/index.php?rest_route=\/wp\/v2\/media\/4963"}],"wp:attachment":[{"href":"https:\/\/joyeriadreide.com\/index.php?rest_route=%2Fwp%2Fv2%2Fmedia&parent=4996"}],"wp:term":[{"taxonomy":"product_brand","embeddable":true,"href":"https:\/\/joyeriadreide.com\/index.php?rest_route=%2Fwp%2Fv2%2Fproduct_brand&post=4996"},{"taxonomy":"product_cat","embeddable":true,"href":"https:\/\/joyeriadreide.com\/index.php?rest_route=%2Fwp%2Fv2%2Fproduct_cat&post=4996"},{"taxonomy":"product_tag","embeddable":true,"href":"https:\/\/joyeriadreide.com\/index.php?rest_route=%2Fwp%2Fv2%2Fproduct_tag&post=4996"}],"curies":[{"name":"wp","href":"https:\/\/api.w.org\/{rel}","templated":true}]}}