{"id":4946,"date":"2024-11-16T20:22:15","date_gmt":"2024-11-16T20:22:15","guid":{"rendered":"https:\/\/joyeriadreide.com\/?product=frederique-constant-classics-carree-small-seconds-ref-fc-235s2c6b"},"modified":"2025-01-28T20:38:23","modified_gmt":"2025-01-28T20:38:23","slug":"frederique-constant-classics-carree-small-seconds-ref-fc-235s2c6b","status":"publish","type":"product","link":"https:\/\/joyeriadreide.com\/?product=frederique-constant-classics-carree-small-seconds-ref-fc-235s2c6b","title":{"rendered":"Frederique Constant Classics Carree Small Seconds&#8230;..Ref : FC-235S2C6B"},"content":{"rendered":"<p>\u00a0 \u00a0 \u00a0 \u00a0 \u00a0 \u00a0 \u00a0 \u00a0 \u00a0 \u00a0 \u00a0 \u00a0 \u00a0 \u00a0 \u00a0 \u00a0 \u00a0 \u00a0 \u00a0 \u00a0 \u00a0 \u00a0 \u00a0 \u00a0 \u00a0 \u00a0 \u00a0 \u00a0 \u00a0 ESPECIFICACIONES TECNICAS<\/p>\n<p>MOVIMIENTO : Quartz &#8211; Calibre FC-235 ( Base Ronda 1064 ) Swiss Made.<\/p>\n<p>FUNCIONES : Horas &#8211; Minutos &#8211; Peque\u00f1o Segundero.<\/p>\n<p>CAJA : Caja Rectangular,bi partita en acero 316l pulida, de inspiraci\u00f3n Ari-Deco,fondo atornillado, corona estriada.<\/p>\n<p>TAMA\u00d1O : 36mm x 25.20mm<\/p>\n<p>GROSOR : 5.85mm<\/p>\n<p>CRISTAL : Zafiro<\/p>\n<p>ESFERA :Blanca Rectangular dividida en dos sectores.Numeros Romanos transferidos ligeramente en relieve negros,parte central con agujas minutera y horaria en estilo flor de lys negras, peque\u00f1o segundero con sector en receso en la esfera.<\/p>\n<p>RESISTENCIA AL AGUA : 30M ( 3 Atm ) No sumergible.<\/p>\n<p>BRAZALETE : Acero 316l pulido,multi eslab\u00f3n totalmente articulado de muy alta calidad,integrado a la caja, cierre de triple hoja con pulsadores de seguridad.<\/p>\n<p>GARANTIA : 2 a\u00f1os oficial<\/p>\n","protected":false},"excerpt":{"rendered":"<p>Frederique Constant Classics Carree Small Second nos trae en alta relojer\u00eda femenina, una de las vertientes art\u00edsticas mas influyentes hasta nuestros d\u00edas.El dise\u00f1o del Classics Small Seconds no lleva directamente al esp\u00edritu de los a\u00f1os 20 y 30 donde se sustituye el estricto circulo, gracias a una caja rectangular que si nos fijamos en sus lineas rectas y tensas y perfectamente bien elaboradas,nos inspira en el autentico Art Deco.Su bonita esfera dividida en dos sectores para las agujas de la indicaci\u00f3n horaria y el peque\u00f1o segundero, indices transferidos Romanos de perfecta fuente.Armix multi eslab\u00f3n totalmente articulado con cierre oculto y de excelente confortabilidad y calidad.<\/p>\n","protected":false},"featured_media":5048,"comment_status":"open","ping_status":"closed","template":"","meta":[],"product_brand":[],"product_cat":[887,296,194],"product_tag":[],"class_list":{"0":"post-4946","1":"product","2":"type-product","3":"status-publish","4":"has-post-thumbnail","6":"product_cat-classics-premier-mujer","7":"product_cat-mujer","8":"product_cat-relojes","10":"first","11":"instock","12":"shipping-taxable","13":"purchasable","14":"product-type-simple"},"_links":{"self":[{"href":"https:\/\/joyeriadreide.com\/index.php?rest_route=\/wp\/v2\/product\/4946","targetHints":{"allow":["GET"]}}],"collection":[{"href":"https:\/\/joyeriadreide.com\/index.php?rest_route=\/wp\/v2\/product"}],"about":[{"href":"https:\/\/joyeriadreide.com\/index.php?rest_route=\/wp\/v2\/types\/product"}],"replies":[{"embeddable":true,"href":"https:\/\/joyeriadreide.com\/index.php?rest_route=%2Fwp%2Fv2%2Fcomments&post=4946"}],"wp:featuredmedia":[{"embeddable":true,"href":"https:\/\/joyeriadreide.com\/index.php?rest_route=\/wp\/v2\/media\/5048"}],"wp:attachment":[{"href":"https:\/\/joyeriadreide.com\/index.php?rest_route=%2Fwp%2Fv2%2Fmedia&parent=4946"}],"wp:term":[{"taxonomy":"product_brand","embeddable":true,"href":"https:\/\/joyeriadreide.com\/index.php?rest_route=%2Fwp%2Fv2%2Fproduct_brand&post=4946"},{"taxonomy":"product_cat","embeddable":true,"href":"https:\/\/joyeriadreide.com\/index.php?rest_route=%2Fwp%2Fv2%2Fproduct_cat&post=4946"},{"taxonomy":"product_tag","embeddable":true,"href":"https:\/\/joyeriadreide.com\/index.php?rest_route=%2Fwp%2Fv2%2Fproduct_tag&post=4946"}],"curies":[{"name":"wp","href":"https:\/\/api.w.org\/{rel}","templated":true}]}}