{"id":4875,"date":"2024-03-27T18:29:04","date_gmt":"2024-03-27T18:29:04","guid":{"rendered":"https:\/\/joyeriadreide.com\/product\/edox-neptunian-automatic-1000m-ref-80120-3nm-nin\/"},"modified":"2025-02-19T23:12:12","modified_gmt":"2025-02-19T23:12:12","slug":"edox-neptunian-automatic-1000m-ref-80120-3nm-nin","status":"publish","type":"product","link":"https:\/\/joyeriadreide.com\/?product=edox-neptunian-automatic-1000m-ref-80120-3nm-nin","title":{"rendered":"Edox Neptunian Automatic 1000M&#8230;Ref : 80120-3NM-NIN"},"content":{"rendered":"<p>\u00a0 \u00a0 \u00a0 \u00a0 \u00a0 \u00a0 \u00a0 \u00a0 \u00a0 \u00a0 \u00a0 \u00a0 \u00a0 \u00a0 \u00a0 \u00a0 \u00a0 \u00a0 \u00a0 \u00a0 \u00a0 \u00a0 \u00a0 \u00a0 \u00a0 \u00a0 \u00a0 \u00a0 \u00a0 \u00a0 \u00a0 \u00a0ESPECIFICACIONES TECNICAS<\/p>\n<p>MOVIMIENTO : Mec\u00e1nico Automatico calibre Edox80 ( SW200 ) &#8211; 28.800 a\/h &#8211; 4hz &#8211; 38h de reserva de marcha &#8211; 25h &#8211; posibilidad de carga manual.<\/p>\n<p>FUNCIONES : Horas,Minutos,Segundos centrales,Fechador.<\/p>\n<p>CAJA : \u00a0Acero 316L pulida y satinada tripartita,carrura monobloque con asas integradas,Valvula de descompresi\u00f3n de helio,fondo roscado con grabado a laser de Neptuno,corona roscada con sistema patentado Edox O&#8217;Ring,bisel cer\u00e1mico unidireccional con escala de tiempo de inmersi\u00f3n.<\/p>\n<p>TAMA\u00d1O : 44mm<\/p>\n<p>GROSOR : 15.6mm<\/p>\n<p>PESO : 155gr<\/p>\n<p>CRISTAL : Zafiro con tratamiento antireflejo en ambas caras.<\/p>\n<p>RESISTENCIA AL AGUA : 1000M ( 100 Atm Iso 6425 ) Inmersi\u00f3n profesional.<\/p>\n<p>ESFERA : Negra con escala de segundos y caracter\u00edsticas del modelo en realce,Indices aplicados y agujas M y H tratados en Superluminova,segundero central con contrapeso luminiscente,fechador en las 3h.<\/p>\n<p>BRAZALETE : Armix de acero 316L compuesto de eslabones de tres piezas pulido y satinado, cierre de doble hoja con supercierre.<\/p>\n<p>GARANTIA : 2 A\u00f1os oficial.<\/p>\n","protected":false},"excerpt":{"rendered":"<p><\/p>\n","protected":false},"featured_media":4845,"comment_status":"open","ping_status":"closed","template":"","meta":[],"product_brand":[],"product_cat":[979,978,936,975,938,194],"product_tag":[996,824,909,985,992,988,837,801,898,808,924,449,817,901,934,995,373,994,896,991,894,836,416],"class_list":{"0":"post-4875","1":"product","2":"type-product","3":"status-publish","4":"has-post-thumbnail","6":"product_cat-automatic-neptunian","7":"product_cat-diver-neptunian","8":"product_cat-edox","9":"product_cat-hombre-neptunian","10":"product_cat-neptunian","11":"product_cat-relojes","12":"product_tag-automatic-watches","13":"product_tag-buceo","14":"product_tag-dive-watches","15":"product_tag-edox","16":"product_tag-edox-fuengirola","17":"product_tag-edox-neptunian-automatic","18":"product_tag-exclusividad","19":"product_tag-fuengirola","20":"product_tag-joyeria-en-fuengirola","21":"product_tag-luxury","22":"product_tag-luxury-lifestyle","23":"product_tag-luxurywatches","24":"product_tag-malaga","25":"product_tag-marbella","26":"product_tag-marcas-de-lujo","27":"product_tag-neptunian-automatic-1000m","28":"product_tag-profesional-diver","29":"product_tag-relojes-automaticos","30":"product_tag-relojes-de-lujo","31":"product_tag-relojes-edox-en-fuengirola","32":"product_tag-relojes-suizos","33":"product_tag-status","34":"product_tag-swissmade","36":"first","37":"instock","38":"shipping-taxable","39":"purchasable","40":"product-type-simple"},"_links":{"self":[{"href":"https:\/\/joyeriadreide.com\/index.php?rest_route=\/wp\/v2\/product\/4875","targetHints":{"allow":["GET"]}}],"collection":[{"href":"https:\/\/joyeriadreide.com\/index.php?rest_route=\/wp\/v2\/product"}],"about":[{"href":"https:\/\/joyeriadreide.com\/index.php?rest_route=\/wp\/v2\/types\/product"}],"replies":[{"embeddable":true,"href":"https:\/\/joyeriadreide.com\/index.php?rest_route=%2Fwp%2Fv2%2Fcomments&post=4875"}],"wp:featuredmedia":[{"embeddable":true,"href":"https:\/\/joyeriadreide.com\/index.php?rest_route=\/wp\/v2\/media\/4845"}],"wp:attachment":[{"href":"https:\/\/joyeriadreide.com\/index.php?rest_route=%2Fwp%2Fv2%2Fmedia&parent=4875"}],"wp:term":[{"taxonomy":"product_brand","embeddable":true,"href":"https:\/\/joyeriadreide.com\/index.php?rest_route=%2Fwp%2Fv2%2Fproduct_brand&post=4875"},{"taxonomy":"product_cat","embeddable":true,"href":"https:\/\/joyeriadreide.com\/index.php?rest_route=%2Fwp%2Fv2%2Fproduct_cat&post=4875"},{"taxonomy":"product_tag","embeddable":true,"href":"https:\/\/joyeriadreide.com\/index.php?rest_route=%2Fwp%2Fv2%2Fproduct_tag&post=4875"}],"curies":[{"name":"wp","href":"https:\/\/api.w.org\/{rel}","templated":true}]}}