{"id":4820,"date":"2024-03-09T19:40:39","date_gmt":"2024-03-09T19:40:39","guid":{"rendered":"https:\/\/joyeriadreide.com\/product\/raymond-weil-freelancer-automatic-chronograph-ref\/"},"modified":"2025-03-08T00:03:02","modified_gmt":"2025-03-08T00:03:02","slug":"raymond-weil-freelancer-automatic-chronograph-ref","status":"publish","type":"product","link":"https:\/\/joyeriadreide.com\/?product=raymond-weil-freelancer-automatic-chronograph-ref","title":{"rendered":"Raymond Weil Freelancer Automatic Chronograph&#8230;Ref : 7741-SC7-52021"},"content":{"rendered":"<p>\u00a0\u00a0 \u00a0 \u00a0 \u00a0 \u00a0 \u00a0 \u00a0 \u00a0 \u00a0 \u00a0 \u00a0 \u00a0 \u00a0 \u00a0 \u00a0 \u00a0 \u00a0 \u00a0 \u00a0 \u00a0 \u00a0 \u00a0 \u00a0 \u00a0 \u00a0 \u00a0 \u00a0 \u00a0 \u00a0 ESPECIFICACIONES TECNICAS<\/p>\n<p>MOVIMIENTO : Automatico con posibilidad de remontaje manual calibre RW5030 &#8211; 28.800 a\/h &#8211; 56h de reserva de marcha.<\/p>\n<p>FUNCIONES : Cronografo con totalizador de 30min &#8211; 12h &#8211; Trotadora central del chrono &#8211; Peque\u00f1o segundero &#8211; Fechador.<\/p>\n<p>CAJA : Acero 316L tripartita de carrura monobloque con asas integradas ligeramente curvex facetadas en su parte superior pulidas y carrura satinada,bisel Cer\u00e1mico con escala taquimetrica transferida, pulsadores pulidos en forma de pist\u00f3n,corona roscada estriada con logo de la casa, fondo roscado abierto con cristal de zafiro que deja ver el movimiento.<\/p>\n<p>TAMA\u00d1O : 43.5mm<\/p>\n<p>GROSOR : 13.7mm<\/p>\n<p>CRISTAL : En anverso y reverso cristal de zafiro con tratamiento antireflejo en ambas caras.<\/p>\n<p>ESFERA \u00a0: Verde,en realce escala de segundos transferida en blanco,decoracion circular guilloche ( tem\u00e1tica musical ) Con puntos en Superluminova,indices en bast\u00f3n pulidos aplicados a mano,registros del cron\u00f3grafo de tipo Tricompax con escala plateada,agujas del totalizador de 30min y 12h en blanco y peque\u00f1o segundero en plata,agujas M y H pulidas tratadas con superluminova,trotadora central de chrono en plata.<\/p>\n<p>RESISTENCIA AL AGUA : 100M ( 10 Atm )<\/p>\n<p>BRAZALETE : Correa de piel genuina de alta calidad cosida a mano con cierre deployante en acero.<\/p>\n<p>GARANTIA : 3 a\u00f1os oficial.<\/p>\n","protected":false},"excerpt":{"rendered":"<p><\/p>\n","protected":false},"featured_media":4797,"comment_status":"open","ping_status":"closed","template":"","meta":[],"product_brand":[],"product_cat":[312,310,289,194],"product_tag":[931,908,837,929,933,924,446,934,893,930,927,928,892,897,935,932,894,836,916,899],"class_list":{"0":"post-4820","1":"product","2":"type-product","3":"status-publish","4":"has-post-thumbnail","6":"product_cat-freelancer","7":"product_cat-hombre-raymond-weil","8":"product_cat-raymond-weil","9":"product_cat-relojes","10":"product_tag-alta-relojeria","11":"product_tag-chronograph-watches","12":"product_tag-exclusividad","13":"product_tag-freelancer-chronograph","14":"product_tag-joyeria-en-fuengirola-luxury-watches","15":"product_tag-luxury-lifestyle","16":"product_tag-luxury-watches","17":"product_tag-marcas-de-lujo","18":"product_tag-mens-watches","19":"product_tag-raymond-weil-freelancer-chronograph","20":"product_tag-raymond-weil-geneve","21":"product_tag-raymond-weil-rw-freelancer-chornograph","22":"product_tag-reloj-de-hombre","23":"product_tag-relojeria-en-fuengirola","24":"product_tag-relojes-cronografos","25":"product_tag-relojes-de-luj","26":"product_tag-relojes-suizos","27":"product_tag-status","28":"product_tag-swiss-made","29":"product_tag-swiss-made-watches","31":"first","32":"instock","33":"shipping-taxable","34":"purchasable","35":"product-type-simple"},"_links":{"self":[{"href":"https:\/\/joyeriadreide.com\/index.php?rest_route=\/wp\/v2\/product\/4820","targetHints":{"allow":["GET"]}}],"collection":[{"href":"https:\/\/joyeriadreide.com\/index.php?rest_route=\/wp\/v2\/product"}],"about":[{"href":"https:\/\/joyeriadreide.com\/index.php?rest_route=\/wp\/v2\/types\/product"}],"replies":[{"embeddable":true,"href":"https:\/\/joyeriadreide.com\/index.php?rest_route=%2Fwp%2Fv2%2Fcomments&post=4820"}],"wp:featuredmedia":[{"embeddable":true,"href":"https:\/\/joyeriadreide.com\/index.php?rest_route=\/wp\/v2\/media\/4797"}],"wp:attachment":[{"href":"https:\/\/joyeriadreide.com\/index.php?rest_route=%2Fwp%2Fv2%2Fmedia&parent=4820"}],"wp:term":[{"taxonomy":"product_brand","embeddable":true,"href":"https:\/\/joyeriadreide.com\/index.php?rest_route=%2Fwp%2Fv2%2Fproduct_brand&post=4820"},{"taxonomy":"product_cat","embeddable":true,"href":"https:\/\/joyeriadreide.com\/index.php?rest_route=%2Fwp%2Fv2%2Fproduct_cat&post=4820"},{"taxonomy":"product_tag","embeddable":true,"href":"https:\/\/joyeriadreide.com\/index.php?rest_route=%2Fwp%2Fv2%2Fproduct_tag&post=4820"}],"curies":[{"name":"wp","href":"https:\/\/api.w.org\/{rel}","templated":true}]}}