{"id":4628,"date":"2021-04-12T19:11:21","date_gmt":"2021-04-12T19:11:21","guid":{"rendered":"https:\/\/joyeriadreide.com\/product\/sortija-tricolor-amarilloblancorosa-en-oro-de-18k-engastada-con-diamantes-de-talla-brillante\/"},"modified":"2021-04-12T19:11:21","modified_gmt":"2021-04-12T19:11:21","slug":"sortija-tricolor-amarilloblancorosa-en-oro-de-18k-engastada-con-diamantes-de-talla-brillante","status":"publish","type":"product","link":"https:\/\/joyeriadreide.com\/?product=sortija-tricolor-amarilloblancorosa-en-oro-de-18k-engastada-con-diamantes-de-talla-brillante","title":{"rendered":"Sortija Tricolor Amarillo,Blanco,Rosa en oro de 18k engastada con Diamantes de talla Brillante"},"content":{"rendered":"<p>\u00a0 \u00a0 \u00a0 \u00a0 \u00a0 \u00a0 \u00a0 \u00a0 \u00a0 \u00a0 \u00a0 \u00a0 \u00a0 \u00a0 \u00a0 \u00a0 \u00a0 \u00a0 \u00a0 \u00a0 \u00a0 \u00a0 \u00a0 \u00a0 \u00a0 \u00a0 \u00a0 \u00a0 \u00a0 \u00a0ESPECIFICACIONES DE LA JOYA<\/p>\n<p>\u00a0 \u00a0 \u00a0 \u00a0 \u00a0 \u00a0 \u00a0 \u00a0 \u00a0 \u00a0 \u00a0 \u00a0 \u00a0 \u00a0 \u00a0 \u00a0 \u00a0 \u00a0 \u00a0 \u00a0 \u00a0 \u00a0 \u00a0 \u00a0 \u00a0 \u00a0 \u00a0 \u00a0 DESCRIPCION DE LOS DIAMANTES<\/p>\n<p>TALLA&#8230;&#8230;&#8230;&#8230;&#8230;&#8230;&#8230;..: Brillante<\/p>\n<p>COLOR&#8230;&#8230;&#8230;&#8230;&#8230;&#8230;&#8230;.: G<\/p>\n<p>PUREZA&#8230;&#8230;&#8230;&#8230;&#8230;&#8230;.: VS1<\/p>\n<p>PESO&#8230;&#8230;&#8230;&#8230;&#8230;&#8230;&#8230;&#8230;: 0.69ct ( Kilates )<\/p>\n<p>\u00a0 \u00a0 \u00a0 \u00a0 \u00a0 \u00a0 \u00a0 \u00a0 \u00a0 \u00a0 \u00a0 \u00a0 \u00a0 \u00a0 \u00a0 \u00a0 \u00a0 \u00a0 \u00a0 \u00a0 \u00a0 \u00a0 \u00a0 \u00a0 \u00a0 \u00a0 \u00a0 \u00a0 \u00a0 \u00a0 DESCRIPCION DE LA MONTURA<\/p>\n<p>Montura realizada en Oro Blanco,Rosado,Amarillo de 18k de una sola pieza, esta engastada con Diamantes de talla Brillante.<\/p>\n<p>La medida que precise el cliente deber\u00e1 especificarla, la entrega se realizara en un m\u00e1ximo de 5 d\u00edas laborables<\/p>\n<p>Se entrega con su caja,debidamente certificada y con nuestro programa de garantia que se especificara en el certificado.<\/p>\n","protected":false},"excerpt":{"rendered":"<p>Esplendia sortija en alianza tricolor con los tres colores mas populares en oro de 18k,Blanco,Rosado,Amarillo.Esta engastada con Diamantes de talla Brillante.La pieza se entrega debidamente certificada y garantizada.<\/p>\n","protected":false},"featured_media":4627,"comment_status":"open","ping_status":"closed","template":"","meta":[],"product_brand":[],"product_cat":[224,228,227,226,225,278,277],"product_tag":[787,789,788,706,698,703,729,710,700,727,782,709],"class_list":{"0":"post-4628","1":"product","2":"type-product","3":"status-publish","4":"has-post-thumbnail","6":"product_cat-alianzas","7":"product_cat-alianzas-diamantes","8":"product_cat-alianzas-oro-amarillo","9":"product_cat-alianzas-oro-blanco","10":"product_cat-alianzas-oro-rosa","11":"product_cat-con-diamante","12":"product_cat-sortijas","13":"product_tag-alianzas","14":"product_tag-alianzascondiamntes","15":"product_tag-alianzasdeoro","16":"product_tag-altajoyeria","17":"product_tag-anilloscondiamantes","18":"product_tag-anillosdeboda","19":"product_tag-anillosdemujer","20":"product_tag-diamondring","21":"product_tag-joyasdelujo","22":"product_tag-ladiesrings","23":"product_tag-sortijascondiamantes","24":"product_tag-weddingrings","26":"first","27":"instock","28":"shipping-taxable","29":"purchasable","30":"product-type-simple"},"_links":{"self":[{"href":"https:\/\/joyeriadreide.com\/index.php?rest_route=\/wp\/v2\/product\/4628","targetHints":{"allow":["GET"]}}],"collection":[{"href":"https:\/\/joyeriadreide.com\/index.php?rest_route=\/wp\/v2\/product"}],"about":[{"href":"https:\/\/joyeriadreide.com\/index.php?rest_route=\/wp\/v2\/types\/product"}],"replies":[{"embeddable":true,"href":"https:\/\/joyeriadreide.com\/index.php?rest_route=%2Fwp%2Fv2%2Fcomments&post=4628"}],"wp:featuredmedia":[{"embeddable":true,"href":"https:\/\/joyeriadreide.com\/index.php?rest_route=\/wp\/v2\/media\/4627"}],"wp:attachment":[{"href":"https:\/\/joyeriadreide.com\/index.php?rest_route=%2Fwp%2Fv2%2Fmedia&parent=4628"}],"wp:term":[{"taxonomy":"product_brand","embeddable":true,"href":"https:\/\/joyeriadreide.com\/index.php?rest_route=%2Fwp%2Fv2%2Fproduct_brand&post=4628"},{"taxonomy":"product_cat","embeddable":true,"href":"https:\/\/joyeriadreide.com\/index.php?rest_route=%2Fwp%2Fv2%2Fproduct_cat&post=4628"},{"taxonomy":"product_tag","embeddable":true,"href":"https:\/\/joyeriadreide.com\/index.php?rest_route=%2Fwp%2Fv2%2Fproduct_tag&post=4628"}],"curies":[{"name":"wp","href":"https:\/\/api.w.org\/{rel}","templated":true}]}}