{"id":4607,"date":"2021-04-04T18:27:08","date_gmt":"2021-04-04T18:27:08","guid":{"rendered":"https:\/\/joyeriadreide.com\/product\/alpina-startimer-pilot-big-date-chronograph-panda-dial\/"},"modified":"2021-04-30T01:01:45","modified_gmt":"2021-04-30T01:01:45","slug":"alpina-startimer-pilot-big-date-chronograph-panda-dial","status":"publish","type":"product","link":"https:\/\/joyeriadreide.com\/?product=alpina-startimer-pilot-big-date-chronograph-panda-dial","title":{"rendered":"Alpina Startimer Pilot Big Date Chronograph Panda Dial"},"content":{"rendered":"<p>\u00a0 \u00a0 \u00a0 \u00a0 \u00a0 \u00a0 \u00a0 \u00a0 \u00a0 \u00a0 \u00a0 \u00a0 \u00a0 \u00a0 \u00a0 \u00a0 \u00a0 \u00a0 \u00a0 \u00a0 \u00a0 \u00a0 \u00a0 \u00a0 \u00a0 \u00a0 \u00a0 \u00a0 \u00a0 ESPECIFICACIONES TECNICAS<\/p>\n<p>MOVIMIENTO : Cuarzo de alta precisi\u00f3n AL-372 Suizo con las siguientes funciones<\/p>\n<p>Chronografo de 30 min con incrementos de 1\/10 de seg<\/p>\n<p>Totalizado de 30 min<\/p>\n<p>Trotadora central de chrono<\/p>\n<p>Peque\u00f1o segundero<\/p>\n<p>Fechador de doble disco tipo big date<\/p>\n<p>CAJA : Acero 316l redonda tripartita pulida y satinada,pulsadores del chrono en forma de pist\u00f3n,corona c\u00f3nica estriada pensada para facilitar grip,fondo roscado gravado a laser con emblema representativo de la casa.<\/p>\n<p>Tama\u00f1o : 44 mm<\/p>\n<p>Grosor : 13mm<\/p>\n<p>Cristal : Zafiro con tratamiento antireflejo en ambas caras<\/p>\n<p>Esfera : Tipo panda con registros del chrono y peque\u00f1o segundero en blanco con agujas en rojo, dial en negro con escala de segundos y indices aplicados en baston,agujas minutera y horaria pulidas tratadas en Superluminova,fechador en doble ventanilla tipo Big date en las 6h,trotadora central del chrono con contra peso en rojo con forma de logo de la casa.<\/p>\n<p>Resistencia al agua : 100M ( 10 atm )<\/p>\n<p>Correa : Verde compuesta de tejido impermeable y forro de piel genuina, cierre ardillon de acero<\/p>\n<p>Garantia : 2 a\u00f1os oficial<\/p>\n","protected":false},"excerpt":{"rendered":"<p>Alpina con su extensa linea Startimer dedicada al mundo de la aviaci\u00f3n mantiene viva su extensa historia en este campo de instrumentos profesionales.En los a\u00f1os 50 del pasado siglo XX llego a ser el proveedor de varias fuerzas a\u00e9reas militares Europeas.La colecci\u00f3n Alpina Startimer Pilot esta compuesta por piezas de muy alta calidad que recogen el dise\u00f1o identificativo de las piezas de piloto modernizadas y contempor\u00e1neas,se dividen en piezas con movimientos Automaticos,chronos cuarzo,la bell\u00edsima linea Heritage con chrono monopulsadores,funcion gmt y ahora tambien en el concepto HSW con el modulo conectable Alpina en colaboraci\u00f3n con MotionX.<\/p>\n","protected":false},"featured_media":4606,"comment_status":"open","ping_status":"closed","template":"","meta":[],"product_brand":[],"product_cat":[199,344,194,348],"product_tag":[663,776,652,479,774,478,777,775,773,416],"class_list":{"0":"post-4607","1":"product","2":"type-product","3":"status-publish","4":"has-post-thumbnail","6":"product_cat-alpina","7":"product_cat-hombre-alpina","8":"product_cat-relojes","9":"product_cat-startimer","10":"product_tag-alpinageneve1883","11":"product_tag-alpinastartimechronograph","12":"product_tag-alpinawatches","13":"product_tag-menswatches","14":"product_tag-pandadial","15":"product_tag-relojdehombre","16":"product_tag-startimerbigdatechronograph","17":"product_tag-startimerpandadial","18":"product_tag-startimerpilotchronograpph","19":"product_tag-swissmade","21":"first","22":"instock","23":"shipping-taxable","24":"purchasable","25":"product-type-simple"},"_links":{"self":[{"href":"https:\/\/joyeriadreide.com\/index.php?rest_route=\/wp\/v2\/product\/4607","targetHints":{"allow":["GET"]}}],"collection":[{"href":"https:\/\/joyeriadreide.com\/index.php?rest_route=\/wp\/v2\/product"}],"about":[{"href":"https:\/\/joyeriadreide.com\/index.php?rest_route=\/wp\/v2\/types\/product"}],"replies":[{"embeddable":true,"href":"https:\/\/joyeriadreide.com\/index.php?rest_route=%2Fwp%2Fv2%2Fcomments&post=4607"}],"wp:featuredmedia":[{"embeddable":true,"href":"https:\/\/joyeriadreide.com\/index.php?rest_route=\/wp\/v2\/media\/4606"}],"wp:attachment":[{"href":"https:\/\/joyeriadreide.com\/index.php?rest_route=%2Fwp%2Fv2%2Fmedia&parent=4607"}],"wp:term":[{"taxonomy":"product_brand","embeddable":true,"href":"https:\/\/joyeriadreide.com\/index.php?rest_route=%2Fwp%2Fv2%2Fproduct_brand&post=4607"},{"taxonomy":"product_cat","embeddable":true,"href":"https:\/\/joyeriadreide.com\/index.php?rest_route=%2Fwp%2Fv2%2Fproduct_cat&post=4607"},{"taxonomy":"product_tag","embeddable":true,"href":"https:\/\/joyeriadreide.com\/index.php?rest_route=%2Fwp%2Fv2%2Fproduct_tag&post=4607"}],"curies":[{"name":"wp","href":"https:\/\/api.w.org\/{rel}","templated":true}]}}