{"id":4556,"date":"2021-04-01T21:41:51","date_gmt":"2021-04-01T21:41:51","guid":{"rendered":"https:\/\/joyeriadreide.com\/product\/victorinox-swiss-army-maverick-large-v241824\/"},"modified":"2021-04-01T21:43:29","modified_gmt":"2021-04-01T21:43:29","slug":"victorinox-swiss-army-maverick-large-v241824","status":"publish","type":"product","link":"https:\/\/joyeriadreide.com\/?product=victorinox-swiss-army-maverick-large-v241824","title":{"rendered":"Victorinox Swiss Army Maverick Large V241824"},"content":{"rendered":"<p>\u00a0 \u00a0 \u00a0 \u00a0 \u00a0 \u00a0 \u00a0 \u00a0 \u00a0 \u00a0 \u00a0 \u00a0 \u00a0 \u00a0 \u00a0 \u00a0 \u00a0 \u00a0 \u00a0 \u00a0 \u00a0 \u00a0 \u00a0 \u00a0 \u00a0 \u00a0 \u00a0 ESPECIFICACIONES TECNICAS<\/p>\n<p>MOVIMIENTO : Quartz Suizo Analogico\u00a0<\/p>\n<p>CAJA : Acero 316l \u00a0bicolor Pulida y satinada tripartita, bisel unidireccional con escala de tiempo de inmersi\u00f3n tratado en pvd amarillo,fondo roscado,proteccion en carrura para la corona tratada en pvd amarillo<\/p>\n<p>Tama\u00f1o : 43 mm<\/p>\n<p>Grosor : 9.7 mm<\/p>\n<p>Peso : 188 gr<\/p>\n<p>Cristal : Zafiro con tratamiento antireflectante<\/p>\n<p>Esfera : Negra con indices \u00a0en baston y arabigos aplicados, agujas minutera y horaria tratadas en pvd amarillo Superluminova,fechador en las 6h,escala de seg en realce, trotadora central de segundos tratada en pvd amarillo<\/p>\n<p>Resistencia al agua : 100M ( 10 atm )<\/p>\n<p>Brazalete : Armix de acero 316l \u00a0bicolor de eslab\u00f3n compuesto de tres piezas con las centrales tratadas en pvd amarillo, cierre de seguridad de triple hoja.<\/p>\n<p>Garantia : 5 a\u00f1os oficial<\/p>\n","protected":false},"excerpt":{"rendered":"<p>Victorinox Swiss Army Maverick Large,una pieza sport elegante,fuerte,resistente,multifuncional,una pieza ideal para quien busca la elegancia y a su vez una herramienta extr\u00e9ma,la exitosa linea Maverick Chrono se presenta en diferentes acabados de caja,armix y esfera en el que podras encontrar el que mas se adapte a tu personalidad.Las piezas Maverick est\u00e1n realizadas en el poderos acero Victorinox y las terminaciones son de primera calidad.Disponen de 5 a\u00f1os de garant\u00eda oficial.<\/p>\n","protected":false},"featured_media":4551,"comment_status":"open","ping_status":"closed","template":"","meta":[],"product_brand":[],"product_cat":[328,339,194,213],"product_tag":[449,738,523,478,416,734,412],"class_list":{"0":"post-4556","1":"product","2":"type-product","3":"status-publish","4":"has-post-thumbnail","6":"product_cat-hombre-victorinox","7":"product_cat-maverick","8":"product_cat-relojes","9":"product_cat-victorinox","10":"product_tag-luxurywatches","11":"product_tag-maverciklarge","12":"product_tag-mesnwatches","13":"product_tag-relojdehombre","14":"product_tag-swissmade","15":"product_tag-victorinoxmaverick","16":"product_tag-victorinoxswissarmy","18":"first","19":"instock","20":"shipping-taxable","21":"purchasable","22":"product-type-simple"},"_links":{"self":[{"href":"https:\/\/joyeriadreide.com\/index.php?rest_route=\/wp\/v2\/product\/4556","targetHints":{"allow":["GET"]}}],"collection":[{"href":"https:\/\/joyeriadreide.com\/index.php?rest_route=\/wp\/v2\/product"}],"about":[{"href":"https:\/\/joyeriadreide.com\/index.php?rest_route=\/wp\/v2\/types\/product"}],"replies":[{"embeddable":true,"href":"https:\/\/joyeriadreide.com\/index.php?rest_route=%2Fwp%2Fv2%2Fcomments&post=4556"}],"wp:featuredmedia":[{"embeddable":true,"href":"https:\/\/joyeriadreide.com\/index.php?rest_route=\/wp\/v2\/media\/4551"}],"wp:attachment":[{"href":"https:\/\/joyeriadreide.com\/index.php?rest_route=%2Fwp%2Fv2%2Fmedia&parent=4556"}],"wp:term":[{"taxonomy":"product_brand","embeddable":true,"href":"https:\/\/joyeriadreide.com\/index.php?rest_route=%2Fwp%2Fv2%2Fproduct_brand&post=4556"},{"taxonomy":"product_cat","embeddable":true,"href":"https:\/\/joyeriadreide.com\/index.php?rest_route=%2Fwp%2Fv2%2Fproduct_cat&post=4556"},{"taxonomy":"product_tag","embeddable":true,"href":"https:\/\/joyeriadreide.com\/index.php?rest_route=%2Fwp%2Fv2%2Fproduct_tag&post=4556"}],"curies":[{"name":"wp","href":"https:\/\/api.w.org\/{rel}","templated":true}]}}