{"id":4554,"date":"2021-04-01T21:05:01","date_gmt":"2021-04-01T21:05:01","guid":{"rendered":"https:\/\/joyeriadreide.com\/product\/victorinox-swiss-army-maverick-large-v241602\/"},"modified":"2021-04-01T21:06:50","modified_gmt":"2021-04-01T21:06:50","slug":"victorinox-swiss-army-maverick-large-v241602","status":"publish","type":"product","link":"https:\/\/joyeriadreide.com\/?product=victorinox-swiss-army-maverick-large-v241602","title":{"rendered":"Victorinox Swiss Army Maverick Large V241602"},"content":{"rendered":"<p>\u00a0 \u00a0 \u00a0 \u00a0 \u00a0 \u00a0 \u00a0 \u00a0 \u00a0 \u00a0 \u00a0 \u00a0 \u00a0 \u00a0 \u00a0 \u00a0 \u00a0 \u00a0 \u00a0 \u00a0 \u00a0 \u00a0 \u00a0 \u00a0 \u00a0 \u00a0 \u00a0 ESPECIFICACIONES TECNICAS<\/p>\n<p>MOVIMIENTO : Quartz Suizo Analogico<\/p>\n<p>CAJA : Acero 316l Pulida y satinada tripartita, bisel unidireccional con escala de tiempo de inmersi\u00f3n,fondo roscado, pulsadores del chrono en las 2h y 4h,proteccion en carrura para la corona<\/p>\n<p>Tama\u00f1o : 43 mm<\/p>\n<p>Grosor : 9.7 \u00a0mm<\/p>\n<p>Peso : 188 gr<\/p>\n<p>Cristal : Zafiro con tratamiento antireflectante<\/p>\n<p>Esfera : Azul,indices ar\u00e1bigos y baston aplicados pulidos,agujas HyM pulidas tratadas en superluminova,fechador en las 6h,escala de 60 segundos en realce,segundero central.<\/p>\n<p>Resistencia al agua : 100M ( 10 atm )<\/p>\n<p>Brazalete : Armix de acero 316l de eslab\u00f3n compuesto de tres piezas, cierre de seguridad de triple hoja.<\/p>\n<p>Garantia : 5 a\u00f1os oficial<\/p>\n","protected":false},"excerpt":{"rendered":"<p>Victorinox Swiss Army Maverick Large,una pieza sport elegante,fuerte,resistente,multifuncional,una pieza ideal para quien busca la elegancia y a su vez una herramienta extr\u00e9ma,la exitosa linea Maverick Chrono se presenta en diferentes acabados de caja,armix y esfera en el que podras encontrar el que mas se adapte a tu personalidad.Las piezas Maverick est\u00e1n realizadas en el poderos acero Victorinox y las terminaciones son de primera calidad.Disponen de 5 a\u00f1os de garant\u00eda oficial.<\/p>\n","protected":false},"featured_media":4553,"comment_status":"open","ping_status":"closed","template":"","meta":[],"product_brand":[],"product_cat":[328,339,194,213],"product_tag":[449,521,479,478,416,735,734,733],"class_list":{"0":"post-4554","1":"product","2":"type-product","3":"status-publish","4":"has-post-thumbnail","6":"product_cat-hombre-victorinox","7":"product_cat-maverick","8":"product_cat-relojes","9":"product_cat-victorinox","10":"product_tag-luxurywatches","11":"product_tag-maverick","12":"product_tag-menswatches","13":"product_tag-relojdehombre","14":"product_tag-swissmade","15":"product_tag-v241602","16":"product_tag-victorinoxmaverick","17":"product_tag-vitorinoxswissarmy","19":"first","20":"instock","21":"shipping-taxable","22":"purchasable","23":"product-type-simple"},"_links":{"self":[{"href":"https:\/\/joyeriadreide.com\/index.php?rest_route=\/wp\/v2\/product\/4554","targetHints":{"allow":["GET"]}}],"collection":[{"href":"https:\/\/joyeriadreide.com\/index.php?rest_route=\/wp\/v2\/product"}],"about":[{"href":"https:\/\/joyeriadreide.com\/index.php?rest_route=\/wp\/v2\/types\/product"}],"replies":[{"embeddable":true,"href":"https:\/\/joyeriadreide.com\/index.php?rest_route=%2Fwp%2Fv2%2Fcomments&post=4554"}],"wp:featuredmedia":[{"embeddable":true,"href":"https:\/\/joyeriadreide.com\/index.php?rest_route=\/wp\/v2\/media\/4553"}],"wp:attachment":[{"href":"https:\/\/joyeriadreide.com\/index.php?rest_route=%2Fwp%2Fv2%2Fmedia&parent=4554"}],"wp:term":[{"taxonomy":"product_brand","embeddable":true,"href":"https:\/\/joyeriadreide.com\/index.php?rest_route=%2Fwp%2Fv2%2Fproduct_brand&post=4554"},{"taxonomy":"product_cat","embeddable":true,"href":"https:\/\/joyeriadreide.com\/index.php?rest_route=%2Fwp%2Fv2%2Fproduct_cat&post=4554"},{"taxonomy":"product_tag","embeddable":true,"href":"https:\/\/joyeriadreide.com\/index.php?rest_route=%2Fwp%2Fv2%2Fproduct_tag&post=4554"}],"curies":[{"name":"wp","href":"https:\/\/api.w.org\/{rel}","templated":true}]}}