{"id":4316,"date":"2021-03-18T00:10:58","date_gmt":"2021-03-18T00:10:58","guid":{"rendered":"https:\/\/joyeriadreide.com\/product\/frederique-constant-yacht-timer-gmt-automatic-100m-referencia-fc-350nt4h6\/"},"modified":"2025-01-28T20:53:29","modified_gmt":"2025-01-28T20:53:29","slug":"frederique-constant-yacht-timer-gmt-automatic-100m-referencia-fc-350nt4h6","status":"publish","type":"product","link":"https:\/\/joyeriadreide.com\/?product=frederique-constant-yacht-timer-gmt-automatic-100m-referencia-fc-350nt4h6","title":{"rendered":"Frederique Constant Classics Premier &#8230;.Ref : FC-301DGR3B6 Edition Limitada 500 piezas"},"content":{"rendered":"<p>\u00a0 \u00a0 \u00a0 \u00a0 \u00a0 \u00a0 \u00a0 \u00a0 \u00a0 \u00a0 \u00a0 \u00a0 \u00a0 \u00a0 \u00a0 \u00a0 \u00a0 \u00a0 \u00a0 \u00a0 \u00a0 \u00a0 \u00a0 \u00a0 \u00a0 \u00a0 \u00a0 \u00a0 \u00a0ESPECIFICACIONES TECNICAS<\/p>\n<p>MOVIMIENTO : Manufactura Automatico calibre con base La Joux Perret ( Base LPG100 ) FC-301 Automatico con opci\u00f3n de carga manual &#8211; 28.800 a\/h &#8211; 68h de reserva de marcha &#8211; 26 rubis &#8211; decoraci\u00f3n Cotes de Geneve en puentes y masa oscilante.<\/p>\n<p>CAJA : Acero 316l tripartita pulida, fondo atornillado abierto con visual del movimiento,carrura con asas monobloque alargadas curvex,corona estriada.<\/p>\n<p>TAMA\u00d1O : 38.50MM<\/p>\n<p>GROSOR : 10.67MM<\/p>\n<p>CRISTAL : En anverso y reverso cristal de zafiro con tratamiento antirreflectante.<\/p>\n<p>ESFERA : Gris en dos niveles, centro con decoraci\u00f3n Colima\u00e7on,para el segundo nivel decoraci\u00f3n efecto rayos de sol,escala de segundos con decoraci\u00f3n ferrocarril,indices n\u00fameros Romanos aplicados pulidos,agujas MyH blancas de tipo Breguet,trotadora central de segundos en blanco.<\/p>\n<p>RESISTENCIA AL AGUA : 50M ( 5atm ) No sumergible.<\/p>\n<p>BRAZALETE : Correa de piel negra genuina de alta calidad.<\/p>\n<p>GARANTIA : 2 a\u00f1os oficial.<\/p>\n","protected":false},"excerpt":{"rendered":"<p><\/p>\n","protected":false},"featured_media":4740,"comment_status":"open","ping_status":"closed","template":"","meta":[],"product_brand":[],"product_cat":[301,207,295,297,305,194],"product_tag":[646,835,849,850,439,854,801,851,829,808,858,853,555,807,855,686,502,544,852,857,836,416,856],"class_list":{"0":"post-4316","1":"product","2":"type-product","3":"status-publish","4":"has-post-thumbnail","6":"product_cat-classic","7":"product_cat-frederique-constant","8":"product_cat-hombre","9":"product_cat-manufacture","10":"product_cat-manufacture-mujer","11":"product_cat-relojes","12":"product_tag-automaticwatches","13":"product_tag-brands","14":"product_tag-classicpremier","15":"product_tag-classicpremierautomatic","16":"product_tag-frederiqueconstant","17":"product_tag-frederiqueconstantenfuengirola","18":"product_tag-fuengirola","19":"product_tag-lajouxperret","20":"product_tag-lujo","21":"product_tag-luxury","22":"product_tag-luxurylifestile","23":"product_tag-luxurywatchesmanufacturewatches","24":"product_tag-manufactura","25":"product_tag-marcasdelujo","26":"product_tag-reloj","27":"product_tag-relojesautomaticos","28":"product_tag-relojesdehombre","29":"product_tag-relojesdelujo","30":"product_tag-relojessuizos","31":"product_tag-relojesuizos","32":"product_tag-status","33":"product_tag-swissmade","34":"product_tag-watchcollector","36":"first","37":"instock","38":"shipping-taxable","39":"purchasable","40":"product-type-simple"},"_links":{"self":[{"href":"https:\/\/joyeriadreide.com\/index.php?rest_route=\/wp\/v2\/product\/4316","targetHints":{"allow":["GET"]}}],"collection":[{"href":"https:\/\/joyeriadreide.com\/index.php?rest_route=\/wp\/v2\/product"}],"about":[{"href":"https:\/\/joyeriadreide.com\/index.php?rest_route=\/wp\/v2\/types\/product"}],"replies":[{"embeddable":true,"href":"https:\/\/joyeriadreide.com\/index.php?rest_route=%2Fwp%2Fv2%2Fcomments&post=4316"}],"wp:featuredmedia":[{"embeddable":true,"href":"https:\/\/joyeriadreide.com\/index.php?rest_route=\/wp\/v2\/media\/4740"}],"wp:attachment":[{"href":"https:\/\/joyeriadreide.com\/index.php?rest_route=%2Fwp%2Fv2%2Fmedia&parent=4316"}],"wp:term":[{"taxonomy":"product_brand","embeddable":true,"href":"https:\/\/joyeriadreide.com\/index.php?rest_route=%2Fwp%2Fv2%2Fproduct_brand&post=4316"},{"taxonomy":"product_cat","embeddable":true,"href":"https:\/\/joyeriadreide.com\/index.php?rest_route=%2Fwp%2Fv2%2Fproduct_cat&post=4316"},{"taxonomy":"product_tag","embeddable":true,"href":"https:\/\/joyeriadreide.com\/index.php?rest_route=%2Fwp%2Fv2%2Fproduct_tag&post=4316"}],"curies":[{"name":"wp","href":"https:\/\/api.w.org\/{rel}","templated":true}]}}