{"id":4286,"date":"2021-03-17T12:03:29","date_gmt":"2021-03-17T12:03:29","guid":{"rendered":"https:\/\/joyeriadreide.com\/product\/raymond-weil-tango-ladies-diamond-refencia-5960-sts-00995\/"},"modified":"2023-10-14T20:04:29","modified_gmt":"2023-10-14T20:04:29","slug":"raymond-weil-tango-ladies-diamond-refencia-5960-sts-00995","status":"publish","type":"product","link":"https:\/\/joyeriadreide.com\/?product=raymond-weil-tango-ladies-diamond-refencia-5960-sts-00995","title":{"rendered":"Raymond Weil Tango Ladies Diamond. Refencia : 5960 &#8211; STS &#8211; 00995"},"content":{"rendered":"<p>\u00a0 \u00a0 \u00a0 \u00a0 \u00a0 \u00a0 \u00a0 \u00a0 \u00a0 \u00a0 \u00a0 \u00a0 \u00a0 \u00a0 \u00a0 \u00a0 \u00a0 \u00a0 \u00a0 \u00a0 \u00a0 \u00a0 \u00a0 \u00a0 \u00a0 \u00a0 \u00a0 \u00a0 \u00a0 \u00a0ESPECIFICACIONES TECNICAS<\/p>\n<p>MOVIMIENTO : Quartz Suizo con fechador.<\/p>\n<p>CAJA : Acero 316l tripartita,bisel fijo con engaste de Diamantes de talla Brillante,carrura pulida con asas integradas y proteccion de la corona roscada estriada con el logo de la casa.<\/p>\n<p>Tama\u00f1o : 30 mm<\/p>\n<p>Grosor : 7.35 mm<\/p>\n<p>Cristal : Zafiro con tratamiento antirreflectante<\/p>\n<p>Esfera : Blanca en Madre Perla natural,decoracion central Guilloche olas de mar, indices con engaste de Diamantes de talla Brillante y numeros Romanos,escala de segundos en realce, fechador en las 3h,agujas H y M tratadas en pvd amarillo y y con Superluminova.<\/p>\n<p>Resistencia al agua : 30M ( 3 atm ) No acuatico<\/p>\n<p>Brazalete : Acero 316l de eslabon multipieza pulido y satinado,unidos mediante torniller\u00eda,cierre de triple hoja oculto con logo de la casa y botones de seguridad<\/p>\n<p>Garantia : 3 a\u00f1os oficial<\/p>\n","protected":false},"excerpt":{"rendered":"<p>La versatil linea Tango Ladys o Men de Raymond Weil representa el concepto de dinamismo,robustez que un sport luxury watch debe tener,una herramienta perfecta para acompa\u00f1arte en tus extremas aventuras o ir a la oficina,esto es gracias a su especial arquitectura de caja en acero 316l de alta calidad sumergible a 300M ( 30 atm ) todo fusionado en un dise\u00f1o elegante y contempor\u00e1neo.La colecci\u00f3n esta disponible en multiples combinaciones de color de esfera y acabados ya sea acero o bicolor en pvd rosado o amarillo.Ademas de un equilibrio de calidad precio insuperables en su categor\u00eda.Todo un lujo asequible.<\/p>\n","protected":false},"featured_media":4285,"comment_status":"open","ping_status":"closed","template":"","meta":[],"product_brand":[],"product_cat":[311,289,194,321],"product_tag":[456,602,557,603,601,600,416,596],"class_list":{"0":"post-4286","1":"product","2":"type-product","3":"status-publish","4":"has-post-thumbnail","6":"product_cat-mujer-raymond-weil","7":"product_cat-raymond-weil","8":"product_cat-relojes","9":"product_cat-tango-mujer-raymond-weil","10":"product_tag-diamantes","11":"product_tag-ladieswatches","12":"product_tag-raymondweil","13":"product_tag-raymondweiltangodiamond","14":"product_tag-relojparamujer","15":"product_tag-rwtangodiamond","16":"product_tag-swissmade","17":"product_tag-tangoladies","19":"first","20":"instock","21":"shipping-taxable","22":"purchasable","23":"product-type-simple"},"_links":{"self":[{"href":"https:\/\/joyeriadreide.com\/index.php?rest_route=\/wp\/v2\/product\/4286","targetHints":{"allow":["GET"]}}],"collection":[{"href":"https:\/\/joyeriadreide.com\/index.php?rest_route=\/wp\/v2\/product"}],"about":[{"href":"https:\/\/joyeriadreide.com\/index.php?rest_route=\/wp\/v2\/types\/product"}],"replies":[{"embeddable":true,"href":"https:\/\/joyeriadreide.com\/index.php?rest_route=%2Fwp%2Fv2%2Fcomments&post=4286"}],"wp:featuredmedia":[{"embeddable":true,"href":"https:\/\/joyeriadreide.com\/index.php?rest_route=\/wp\/v2\/media\/4285"}],"wp:attachment":[{"href":"https:\/\/joyeriadreide.com\/index.php?rest_route=%2Fwp%2Fv2%2Fmedia&parent=4286"}],"wp:term":[{"taxonomy":"product_brand","embeddable":true,"href":"https:\/\/joyeriadreide.com\/index.php?rest_route=%2Fwp%2Fv2%2Fproduct_brand&post=4286"},{"taxonomy":"product_cat","embeddable":true,"href":"https:\/\/joyeriadreide.com\/index.php?rest_route=%2Fwp%2Fv2%2Fproduct_cat&post=4286"},{"taxonomy":"product_tag","embeddable":true,"href":"https:\/\/joyeriadreide.com\/index.php?rest_route=%2Fwp%2Fv2%2Fproduct_tag&post=4286"}],"curies":[{"name":"wp","href":"https:\/\/api.w.org\/{rel}","templated":true}]}}