{"id":4192,"date":"2021-03-13T20:55:12","date_gmt":"2021-03-13T20:55:12","guid":{"rendered":"https:\/\/joyeriadreide.com\/product\/frederique-constant-slimline-perpetual-calendar-manufacture-fc-775s4s6\/"},"modified":"2021-03-13T20:55:13","modified_gmt":"2021-03-13T20:55:13","slug":"frederique-constant-slimline-perpetual-calendar-manufacture-fc-775s4s6","status":"publish","type":"product","link":"https:\/\/joyeriadreide.com\/?product=frederique-constant-slimline-perpetual-calendar-manufacture-fc-775s4s6","title":{"rendered":"Frederique Constant SlimLine Perpetual Calendar Manufacture FC-775S4S6"},"content":{"rendered":"<p>\u00a0 \u00a0 \u00a0 \u00a0 \u00a0 \u00a0 \u00a0 \u00a0 \u00a0 \u00a0 \u00a0 \u00a0 \u00a0 \u00a0 \u00a0 \u00a0 \u00a0 \u00a0 \u00a0 \u00a0 \u00a0 \u00a0 \u00a0 \u00a0 \u00a0 \u00a0 \u00a0 \u00a0 \u00a0 ESPECIFICACIONES TECNICAS<\/p>\n<p>MOVIMIENTO : Calibre Manufactura FC-775 Automatic Perpetual Calendar Moonphase Manufacture &#8211; 28.800 a\/h &#8211; 4hz &#8211; 26 rubis &#8211; 38h de reserva de marcha &#8211; decoraci\u00f3n en puentes P\u00e9rlage y Cotes De Geneve.Dispone de las siguientes funciones :<\/p>\n<p>&#8211; Calendario Perpetuo hasta el 2.100,en el que solo precisara de un ajuste y no precisara hasta dentro de 400 a\u00f1os &#8211; indicador del mes y lap year &#8211; indicador de la fecha &#8211; \u00a0dia de la semana &#8211; fase lunar exacta.<\/p>\n<p>CAJA : Acero 316l colecci\u00f3n Slimline tripartita pulida,fondo roscado abierto,en carrura pulsadores para la manipulaci\u00f3n del QP integrados,corona estriada.<\/p>\n<p>Tama\u00f1o : 42 mm<\/p>\n<p>Grosor : 13 mm<\/p>\n<p>Cristal : En anverso y reverso cristal de zafiro con tratamiento antireflectante<\/p>\n<p>Esfera : Plata con representaci\u00f3n del calendario perpetuo, escalas y agujas de las funciones en negro &#8211; en las 12h mes y lap year &#8211; 3h fechador &#8211; 9h dia de la semana &#8211; 6h fase lunar.Indices aplicados en bast\u00f3n.<\/p>\n<p>Resistencia al agua : 30M ( 3 atm ) No acuatico<\/p>\n<p>Brazalete : Correa de piel de Cocodrilo negra con cierre deployante de acero.<\/p>\n<p>Garantia : 2 a\u00f1os oficial<\/p>\n<p>CONSULTAR DISPONIBILIDAD<\/p>\n<p><br data-mce-bogus=\"1\"><\/p>\n","protected":false},"excerpt":{"rendered":"<p>El complejo desarrollo del Frederique Constant Slimline Perpetual Calendar Manufacture cojio 2 a\u00f1os de I+D Por Manuel Da Silva Santos y el director del departamento de desarrollo Pim Koeslag,la complicaci\u00f3n de calendario perpetuo es considerada una de las mas complejas y dif\u00edciles de desarrollar,el calibre FC-775 Es uno de los QP mas innovadores y f\u00e1ciles de ensamblar que existen.Su funcion es una memoria mec\u00e1nica capaz de leer los a\u00f1os bisiestos y los saltos de meses de 30 y 31 d\u00edas hasta el a\u00f1o 2.100,entonces solo necesitara de un peque\u00f1a correcci\u00f3n y no necesitara corregirse en 400 a\u00f1os.Los dise\u00f1adores han utilizado no solo la maestr\u00eda de grandes maestros,tambien la tecnolog\u00eda mas avanzada,se consigue un movimiento con 191 componentes realizados mediante maquinas CNC en la moderna manufactura de Plans &#8211; Les &#8211; Quates.El habillage es una esbeltisima caja de dise\u00f1o contempor\u00e1neo muy refinada de fino perfil y 42 mm de di\u00e1metro,con los correctores del calendario perpetuo y la fase lunar exacta integrados.<\/p>\n","protected":false},"featured_media":4190,"comment_status":"open","ping_status":"closed","template":"","meta":[],"product_brand":[],"product_cat":[207,295,297,305,194,300],"product_tag":[409,536,540,537,457,538,479,535,539,478,534,458,416],"class_list":{"0":"post-4192","1":"product","2":"type-product","3":"status-publish","4":"has-post-thumbnail","6":"product_cat-frederique-constant","7":"product_cat-hombre","8":"product_cat-manufacture","9":"product_cat-manufacture-mujer","10":"product_cat-relojes","11":"product_cat-slimline","12":"product_tag-altarelojeria","13":"product_tag-calendarioperpetuo","14":"product_tag-coleccion","15":"product_tag-faselunar","16":"product_tag-frederqueconstant","17":"product_tag-luxurywaches","18":"product_tag-menswatches","19":"product_tag-perpetualcalendar","20":"product_tag-relojdecaballero","21":"product_tag-relojdehombre","22":"product_tag-slimelineperpetualcalendarmanufacture","23":"product_tag-slimline","24":"product_tag-swissmade","26":"first","27":"instock","28":"shipping-taxable","29":"purchasable","30":"product-type-simple"},"_links":{"self":[{"href":"https:\/\/joyeriadreide.com\/index.php?rest_route=\/wp\/v2\/product\/4192","targetHints":{"allow":["GET"]}}],"collection":[{"href":"https:\/\/joyeriadreide.com\/index.php?rest_route=\/wp\/v2\/product"}],"about":[{"href":"https:\/\/joyeriadreide.com\/index.php?rest_route=\/wp\/v2\/types\/product"}],"replies":[{"embeddable":true,"href":"https:\/\/joyeriadreide.com\/index.php?rest_route=%2Fwp%2Fv2%2Fcomments&post=4192"}],"wp:featuredmedia":[{"embeddable":true,"href":"https:\/\/joyeriadreide.com\/index.php?rest_route=\/wp\/v2\/media\/4190"}],"wp:attachment":[{"href":"https:\/\/joyeriadreide.com\/index.php?rest_route=%2Fwp%2Fv2%2Fmedia&parent=4192"}],"wp:term":[{"taxonomy":"product_brand","embeddable":true,"href":"https:\/\/joyeriadreide.com\/index.php?rest_route=%2Fwp%2Fv2%2Fproduct_brand&post=4192"},{"taxonomy":"product_cat","embeddable":true,"href":"https:\/\/joyeriadreide.com\/index.php?rest_route=%2Fwp%2Fv2%2Fproduct_cat&post=4192"},{"taxonomy":"product_tag","embeddable":true,"href":"https:\/\/joyeriadreide.com\/index.php?rest_route=%2Fwp%2Fv2%2Fproduct_tag&post=4192"}],"curies":[{"name":"wp","href":"https:\/\/api.w.org\/{rel}","templated":true}]}}