{"id":4166,"date":"2021-03-11T14:50:03","date_gmt":"2021-03-11T14:50:03","guid":{"rendered":"https:\/\/joyeriadreide.com\/product\/victorinox-swiss-army-maverick-chrono-v241695\/"},"modified":"2021-03-11T14:50:03","modified_gmt":"2021-03-11T14:50:03","slug":"victorinox-swiss-army-maverick-chrono-v241695","status":"publish","type":"product","link":"https:\/\/joyeriadreide.com\/?product=victorinox-swiss-army-maverick-chrono-v241695","title":{"rendered":"Victorinox Swiss Army Maverick Chrono V241695"},"content":{"rendered":"<p>\u00a0 \u00a0 \u00a0 \u00a0 \u00a0 \u00a0 \u00a0 \u00a0 \u00a0 \u00a0 \u00a0 \u00a0 \u00a0 \u00a0 \u00a0 \u00a0 \u00a0 \u00a0 \u00a0 \u00a0 \u00a0 \u00a0 \u00a0 \u00a0 \u00a0 \u00a0 \u00a0 ESPECIFICACIONES TECNICAS<\/p>\n<p>MOVIMIENTO : Quartz Suizo Analogico con las siguientes funciones<\/p>\n<p>&#8211; Horas y Minutos<\/p>\n<p>&#8211; Totalizador de 30min\u00a0<\/p>\n<p>&#8211; Totalizador de 12h<\/p>\n<p>&#8211; Trotadora central del chrono<\/p>\n<p>&#8211; Peque\u00f1o segundero<\/p>\n<p>&#8211; Fechador<\/p>\n<p>CAJA : Acero 316l Pulida y satinada tripartita, bisel unidireccional con escala de tiempo de inmersi\u00f3n,fondo roscado, pulsadores del chrono en las 2h y 4h,proteccion en carrura para la corona<\/p>\n<p>Tama\u00f1o : 43 mm<\/p>\n<p>Grosor : 12.2 mm<\/p>\n<p>Peso : 208 gr<\/p>\n<p>Cristal : Zafiro con tratamiento antireflectante<\/p>\n<p>Esfera : Negra Tricompax,indices ar\u00e1bigos y baston aplicados pulidos,agujas HyM pulidas tratadas en superluminova,totalizador de 30min en las 9h,totalizador de 12h con fechador en las 6h,peque\u00f1o segundero en las 3h,trotadora central del chrono,escala de taqu\u00edmetro en realce.<\/p>\n<p>Resistencia al agua : 100M ( 10 atm )<\/p>\n<p>Brazalete : Armix de acero 316l de eslab\u00f3n compuesto de tres piezas, cierre de seguridad de triple hoja.<\/p>\n<p>Garantia : 5 a\u00f1os oficial<\/p>\n","protected":false},"excerpt":{"rendered":"<p>Victorinox Swiss Army Maverick Chrono,una pieza sport elegante,fuerte,resistente,multifuncional,una pieza ideal para quien busca la elegancia y a su vez una herramienta extr\u00e9ma,la exitosa linea Maverick Chrono se presenta en diferentes acabados de caja,armix y esfera en el que podras encontrar el que mas se adapte a tu personalidad.Las piezas Maverick est\u00e1n realizadas en el poderos acero Victorinox y las terminaciones son de primera calidad.Disponen de 5 a\u00f1os de garant\u00eda oficial.<\/p>\n<p>Esta es la pieza Victorinox Swiss Army Maverick Chrono Quartz Acero,esfera y bisel negro.<\/p>\n","protected":false},"featured_media":4165,"comment_status":"open","ping_status":"closed","template":"","meta":[],"product_brand":[],"product_cat":[328,339,194,213],"product_tag":[521,522,479,478,447,416,412],"class_list":{"0":"post-4166","1":"product","2":"type-product","3":"status-publish","4":"has-post-thumbnail","6":"product_cat-hombre-victorinox","7":"product_cat-maverick","8":"product_cat-relojes","9":"product_cat-victorinox","10":"product_tag-maverick","11":"product_tag-maverickchrono","12":"product_tag-menswatches","13":"product_tag-relojdehombre","14":"product_tag-sportwatches","15":"product_tag-swissmade","16":"product_tag-victorinoxswissarmy","18":"first","19":"instock","20":"shipping-taxable","21":"purchasable","22":"product-type-simple"},"_links":{"self":[{"href":"https:\/\/joyeriadreide.com\/index.php?rest_route=\/wp\/v2\/product\/4166","targetHints":{"allow":["GET"]}}],"collection":[{"href":"https:\/\/joyeriadreide.com\/index.php?rest_route=\/wp\/v2\/product"}],"about":[{"href":"https:\/\/joyeriadreide.com\/index.php?rest_route=\/wp\/v2\/types\/product"}],"replies":[{"embeddable":true,"href":"https:\/\/joyeriadreide.com\/index.php?rest_route=%2Fwp%2Fv2%2Fcomments&post=4166"}],"wp:featuredmedia":[{"embeddable":true,"href":"https:\/\/joyeriadreide.com\/index.php?rest_route=\/wp\/v2\/media\/4165"}],"wp:attachment":[{"href":"https:\/\/joyeriadreide.com\/index.php?rest_route=%2Fwp%2Fv2%2Fmedia&parent=4166"}],"wp:term":[{"taxonomy":"product_brand","embeddable":true,"href":"https:\/\/joyeriadreide.com\/index.php?rest_route=%2Fwp%2Fv2%2Fproduct_brand&post=4166"},{"taxonomy":"product_cat","embeddable":true,"href":"https:\/\/joyeriadreide.com\/index.php?rest_route=%2Fwp%2Fv2%2Fproduct_cat&post=4166"},{"taxonomy":"product_tag","embeddable":true,"href":"https:\/\/joyeriadreide.com\/index.php?rest_route=%2Fwp%2Fv2%2Fproduct_tag&post=4166"}],"curies":[{"name":"wp","href":"https:\/\/api.w.org\/{rel}","templated":true}]}}