{"id":4074,"date":"2021-03-09T13:30:37","date_gmt":"2021-03-09T13:30:37","guid":{"rendered":"https:\/\/joyeriadreide.com\/product\/frederique-constant-classics-art-deco-round-fc-200mpw2ar2b\/"},"modified":"2024-03-08T18:59:30","modified_gmt":"2024-03-08T18:59:30","slug":"frederique-constant-classics-art-deco-round-fc-200mpw2ar2b","status":"publish","type":"product","link":"https:\/\/joyeriadreide.com\/?product=frederique-constant-classics-art-deco-round-fc-200mpw2ar2b","title":{"rendered":"Frederique Constant Classics Art Deco Round FC-200MPW2AR2B"},"content":{"rendered":"<p>\u00a0 \u00a0 \u00a0 \u00a0 \u00a0 \u00a0 \u00a0 \u00a0 \u00a0 \u00a0 \u00a0 \u00a0 \u00a0 \u00a0 \u00a0 \u00a0 \u00a0 \u00a0 \u00a0 \u00a0 \u00a0 \u00a0 \u00a0 \u00a0 \u00a0 \u00a0 \u00a0 \u00a0 \u00a0 ESPECIFICACIONES TECNICAS<\/p>\n<p>MOVIMIENTO : FC-200 Quartz<\/p>\n<p>CAJA : Acero 316l tripartita bicolor, bisel y corona chapados en oro rosa de 18k con 20 micrones,inspiracion vertiente art\u00edstica Art Deco,carrura acanalada.<\/p>\n<p>Tama\u00f1o : 30 mm<\/p>\n<p>Cristal : Zafiro con tratamiento antireflejo<\/p>\n<p>Esfera : Blanca madre perla natural,decoracion central Guilloche con efectos rayos de sol, escala minutera en negro,indices numerosos romanos en negro transferidos,agujas de estilo Breguet.<\/p>\n<p>Resistencia al agua : 30M ( 3 atm ) no acu\u00e1tico<\/p>\n<p>Brazalete : Armix de acero 316l bicolor,eslabones chapados en oro rosa de 18k con 20 micrones,sistema de tornilleria con embellecedor.Cierre oculto con botones de seguridad<\/p>\n<p>Garantia : 2 a\u00f1os oficial<\/p>\n","protected":false},"excerpt":{"rendered":"<p>Sublime colecci\u00f3n de Frederique Constant Art Deco que se presenta en dos interpretaciones Round y Oval, ideada exclusivamente para mujer,expresando la belleza y sofisticaci\u00f3n femenina,una colecci\u00f3n inspirada en uno de los movimientos art\u00edsticos mas importante del XX y hasta nuestros d\u00edas ART DECO,fusionado con la alta relojer\u00eda.La colecci\u00f3n de se presenta en m\u00faltiples variantes con y sin engaste de Diamantes,bicolor,armix o piel, sin duda podr\u00e1s encontrar la pieza ideal para ti.<\/p>\n<p>Esta es la pieza Frederique Constant Classics Art Deco Round,caja y armix acero y chapado en oro rosa de 18k con 20 micrones,esfera madre perla natural.<\/p>\n","protected":false},"featured_media":4073,"comment_status":"open","ping_status":"closed","template":"","meta":[],"product_brand":[],"product_cat":[309,207,296,194],"product_tag":[409,481,486,439,462,444,463,416],"class_list":{"0":"post-4074","1":"product","2":"type-product","3":"status-publish","4":"has-post-thumbnail","6":"product_cat-classic-mujer","7":"product_cat-frederique-constant","8":"product_cat-mujer","9":"product_cat-relojes","10":"product_tag-altarelojeria","11":"product_tag-artdeco","12":"product_tag-classicsartdecoroud","13":"product_tag-frederiqueconstant","14":"product_tag-ladyswatches","15":"product_tag-luxurywatch","16":"product_tag-relojdemujer","17":"product_tag-swissmade","19":"first","20":"instock","21":"shipping-taxable","22":"purchasable","23":"product-type-simple"},"_links":{"self":[{"href":"https:\/\/joyeriadreide.com\/index.php?rest_route=\/wp\/v2\/product\/4074","targetHints":{"allow":["GET"]}}],"collection":[{"href":"https:\/\/joyeriadreide.com\/index.php?rest_route=\/wp\/v2\/product"}],"about":[{"href":"https:\/\/joyeriadreide.com\/index.php?rest_route=\/wp\/v2\/types\/product"}],"replies":[{"embeddable":true,"href":"https:\/\/joyeriadreide.com\/index.php?rest_route=%2Fwp%2Fv2%2Fcomments&post=4074"}],"wp:featuredmedia":[{"embeddable":true,"href":"https:\/\/joyeriadreide.com\/index.php?rest_route=\/wp\/v2\/media\/4073"}],"wp:attachment":[{"href":"https:\/\/joyeriadreide.com\/index.php?rest_route=%2Fwp%2Fv2%2Fmedia&parent=4074"}],"wp:term":[{"taxonomy":"product_brand","embeddable":true,"href":"https:\/\/joyeriadreide.com\/index.php?rest_route=%2Fwp%2Fv2%2Fproduct_brand&post=4074"},{"taxonomy":"product_cat","embeddable":true,"href":"https:\/\/joyeriadreide.com\/index.php?rest_route=%2Fwp%2Fv2%2Fproduct_cat&post=4074"},{"taxonomy":"product_tag","embeddable":true,"href":"https:\/\/joyeriadreide.com\/index.php?rest_route=%2Fwp%2Fv2%2Fproduct_tag&post=4074"}],"curies":[{"name":"wp","href":"https:\/\/api.w.org\/{rel}","templated":true}]}}