{"id":4066,"date":"2021-03-09T13:04:12","date_gmt":"2021-03-09T13:04:12","guid":{"rendered":"https:\/\/joyeriadreide.com\/product\/frederique-constant-classics-art-deco-round-fc-200mpn2ar2d6\/"},"modified":"2024-03-08T19:00:08","modified_gmt":"2024-03-08T19:00:08","slug":"frederique-constant-classics-art-deco-round-fc-200mpn2ar2d6","status":"publish","type":"product","link":"https:\/\/joyeriadreide.com\/?product=frederique-constant-classics-art-deco-round-fc-200mpn2ar2d6","title":{"rendered":"Frederique Constant Classics Art Deco Round FC-200MPN2AR2D6"},"content":{"rendered":"<p>\u00a0 \u00a0 \u00a0 \u00a0 \u00a0 \u00a0 \u00a0 \u00a0 \u00a0 \u00a0 \u00a0 \u00a0 \u00a0 \u00a0 \u00a0 \u00a0 \u00a0 \u00a0 \u00a0 \u00a0 \u00a0 \u00a0 \u00a0 \u00a0 \u00a0 \u00a0 \u00a0 \u00a0 \u00a0 ESPECIFICACIONES TECNICAS<\/p>\n<p>MOVIMIENTO : FC-200 Quartz<\/p>\n<p>CAJA : Acero 316l tripartita,inspiracion vertiente art\u00edstica Art Deco,carrura acanalada,Asas engastadas con Diamantes de talla Brillante,corona engastada con zafiro capuch\u00f3n.<\/p>\n<p>Tama\u00f1o : 30 mm<\/p>\n<p>Cristal : Zafiro con tratamiento antireflejo<\/p>\n<p>Esfera : Azul,decoracion central Guilloche con efectos rayos de sol, escala minutera en blanco,sector en azul con efecto rayos de sol con indices romanos transferidos en blanco, agujas de estilo Breguet blancas.<\/p>\n<p>Resistencia al agua : 30M ( 3 atm ) no acu\u00e1tico<\/p>\n<p>Brazalete : Correa de saten azul con interior en piel,cierre de hebilla ardillon de acero.<\/p>\n<p>Garantia : 2 a\u00f1os oficial<\/p>\n","protected":false},"excerpt":{"rendered":"<p>Sublime colecci\u00f3n de Frederique Constant Art Deco que se presenta en dos interpretaciones Round y Oval, ideada exclusivamente para mujer,expresando la belleza y sofisticaci\u00f3n femenina,una colecci\u00f3n inspirada en uno de los movimientos art\u00edsticos mas importante del XX y hasta nuestros d\u00edas ART DECO,fusionado con la alta relojer\u00eda.La colecci\u00f3n de se presenta en m\u00faltiples variantes con y sin engaste de Diamantes,bicolor,armix o piel, sin duda podr\u00e1s encontrar la pieza ideal para ti.<\/p>\n<p>Esta es la pieza Frederique Constant Art Deco Round,asas engastadas con Diamantes,esfera azul con decoraci\u00f3n central Guilloche y madre perla natural,correa de sat\u00e9n y piel.<\/p>\n","protected":false},"featured_media":4065,"comment_status":"open","ping_status":"closed","template":"","meta":[],"product_brand":[],"product_cat":[309,296,194],"product_tag":[481,484,439,462,485,463,416],"class_list":{"0":"post-4066","1":"product","2":"type-product","3":"status-publish","4":"has-post-thumbnail","6":"product_cat-classic-mujer","7":"product_cat-mujer","8":"product_cat-relojes","9":"product_tag-artdeco","10":"product_tag-classicsartdecoround","11":"product_tag-frederiqueconstant","12":"product_tag-ladyswatches","13":"product_tag-luxueywatch","14":"product_tag-relojdemujer","15":"product_tag-swissmade","17":"first","18":"instock","19":"shipping-taxable","20":"purchasable","21":"product-type-simple"},"_links":{"self":[{"href":"https:\/\/joyeriadreide.com\/index.php?rest_route=\/wp\/v2\/product\/4066","targetHints":{"allow":["GET"]}}],"collection":[{"href":"https:\/\/joyeriadreide.com\/index.php?rest_route=\/wp\/v2\/product"}],"about":[{"href":"https:\/\/joyeriadreide.com\/index.php?rest_route=\/wp\/v2\/types\/product"}],"replies":[{"embeddable":true,"href":"https:\/\/joyeriadreide.com\/index.php?rest_route=%2Fwp%2Fv2%2Fcomments&post=4066"}],"wp:featuredmedia":[{"embeddable":true,"href":"https:\/\/joyeriadreide.com\/index.php?rest_route=\/wp\/v2\/media\/4065"}],"wp:attachment":[{"href":"https:\/\/joyeriadreide.com\/index.php?rest_route=%2Fwp%2Fv2%2Fmedia&parent=4066"}],"wp:term":[{"taxonomy":"product_brand","embeddable":true,"href":"https:\/\/joyeriadreide.com\/index.php?rest_route=%2Fwp%2Fv2%2Fproduct_brand&post=4066"},{"taxonomy":"product_cat","embeddable":true,"href":"https:\/\/joyeriadreide.com\/index.php?rest_route=%2Fwp%2Fv2%2Fproduct_cat&post=4066"},{"taxonomy":"product_tag","embeddable":true,"href":"https:\/\/joyeriadreide.com\/index.php?rest_route=%2Fwp%2Fv2%2Fproduct_tag&post=4066"}],"curies":[{"name":"wp","href":"https:\/\/api.w.org\/{rel}","templated":true}]}}