{"id":4056,"date":"2021-03-08T16:36:37","date_gmt":"2021-03-08T16:36:37","guid":{"rendered":"https:\/\/joyeriadreide.com\/product\/frederique-constant-classics-index-automatic-fc-303mn5b6b\/"},"modified":"2021-03-08T16:38:34","modified_gmt":"2021-03-08T16:38:34","slug":"frederique-constant-classics-index-automatic-fc-303mn5b6b","status":"publish","type":"product","link":"https:\/\/joyeriadreide.com\/?product=frederique-constant-classics-index-automatic-fc-303mn5b6b","title":{"rendered":"Frederique Constant Classics Index Automatic FC- 303MN5B6B"},"content":{"rendered":"<p>\u00a0 \u00a0 \u00a0 \u00a0 \u00a0 \u00a0 \u00a0 \u00a0 \u00a0 \u00a0 \u00a0 \u00a0 \u00a0 \u00a0 \u00a0 \u00a0 \u00a0 \u00a0 \u00a0 \u00a0 \u00a0 \u00a0 \u00a0 \u00a0 \u00a0 \u00a0 \u00a0 \u00a0 \u00a0 \u00a0 ESPECIFICACIONES TECNICAS<\/p>\n<p>MOVIMIENTO : Automatico Suizo FC-303 &#8211; 28.800 a\/h &#8211; 26 rubis &#8211; 38h de reserva de marcha.<\/p>\n<p>CAJA : Acero 316l tripartita, pulida,fondo roscado.<\/p>\n<p>Tama\u00f1o : 40 mm<\/p>\n<p>Cristal : Zafiro con tratamiento antireflejo<\/p>\n<p>Esfera : Azul Navy con decoraci\u00f3n central Guilloche ( Cloe d&#8217;par\u00eds ) Indices romanos y en bast\u00f3n en brillo aplicados a mano,escala de segundos en realce,fechador en las 3h,agujas H-M-S en brillo.<\/p>\n<p>Resistencia al agua : 50M ( 5 atm ) no acuatico<\/p>\n<p>Brazalete : Armix de acero 316l,eslabon multipieza articulada, cierre oculto con botones de seguridad.<\/p>\n<p>Garantia : 2 a\u00f1os oficial<\/p>\n","protected":false},"excerpt":{"rendered":"<p>Frederique Constant nos reinterpreta de nuevo una iconica y redise\u00f1ada colecci\u00f3n Classics Index.Ahora mas modernos y din\u00e1micos,la linea esta compuesta por 11 referencias en la que podr\u00e1s encontrar tu pieza id\u00f3nea.Esta pieza es la Classics Index Automatic con esfera azul, esfera mas elaborada con decoraci\u00f3n central Guilloche,un dise\u00f1o de caja contempor\u00e1neo y de alta calidad en 40mm,movimiento autom\u00e1tico calibre FC-303.Armix de acero con cierre oculto.<\/p>\n","protected":false},"featured_media":4055,"comment_status":"open","ping_status":"closed","template":"","meta":[],"product_brand":[],"product_cat":[301,207,295,194],"product_tag":[480,475,439,444,479,478,416],"class_list":{"0":"post-4056","1":"product","2":"type-product","3":"status-publish","4":"has-post-thumbnail","6":"product_cat-classic","7":"product_cat-frederique-constant","8":"product_cat-hombre","9":"product_cat-relojes","10":"product_tag-calssicsindex","11":"product_tag-classicsindexautomatic","12":"product_tag-frederiqueconstant","13":"product_tag-luxurywatch","14":"product_tag-menswatches","15":"product_tag-relojdehombre","16":"product_tag-swissmade","18":"first","19":"instock","20":"shipping-taxable","21":"purchasable","22":"product-type-simple"},"_links":{"self":[{"href":"https:\/\/joyeriadreide.com\/index.php?rest_route=\/wp\/v2\/product\/4056","targetHints":{"allow":["GET"]}}],"collection":[{"href":"https:\/\/joyeriadreide.com\/index.php?rest_route=\/wp\/v2\/product"}],"about":[{"href":"https:\/\/joyeriadreide.com\/index.php?rest_route=\/wp\/v2\/types\/product"}],"replies":[{"embeddable":true,"href":"https:\/\/joyeriadreide.com\/index.php?rest_route=%2Fwp%2Fv2%2Fcomments&post=4056"}],"wp:featuredmedia":[{"embeddable":true,"href":"https:\/\/joyeriadreide.com\/index.php?rest_route=\/wp\/v2\/media\/4055"}],"wp:attachment":[{"href":"https:\/\/joyeriadreide.com\/index.php?rest_route=%2Fwp%2Fv2%2Fmedia&parent=4056"}],"wp:term":[{"taxonomy":"product_brand","embeddable":true,"href":"https:\/\/joyeriadreide.com\/index.php?rest_route=%2Fwp%2Fv2%2Fproduct_brand&post=4056"},{"taxonomy":"product_cat","embeddable":true,"href":"https:\/\/joyeriadreide.com\/index.php?rest_route=%2Fwp%2Fv2%2Fproduct_cat&post=4056"},{"taxonomy":"product_tag","embeddable":true,"href":"https:\/\/joyeriadreide.com\/index.php?rest_route=%2Fwp%2Fv2%2Fproduct_tag&post=4056"}],"curies":[{"name":"wp","href":"https:\/\/api.w.org\/{rel}","templated":true}]}}