{"id":4043,"date":"2021-03-08T16:06:20","date_gmt":"2021-03-08T16:06:20","guid":{"rendered":"https:\/\/joyeriadreide.com\/product\/frederique-constant-classics-index-automatic-fc-303nn5b6\/"},"modified":"2024-03-08T18:15:05","modified_gmt":"2024-03-08T18:15:05","slug":"frederique-constant-classics-index-automatic-fc-303nn5b6","status":"publish","type":"product","link":"https:\/\/joyeriadreide.com\/?product=frederique-constant-classics-index-automatic-fc-303nn5b6","title":{"rendered":"Frederique Constant Classics Index Automatic FC-303NN5B6"},"content":{"rendered":"<p>\u00a0 \u00a0 \u00a0 \u00a0 \u00a0 \u00a0 \u00a0 \u00a0 \u00a0 \u00a0 \u00a0 \u00a0 \u00a0 \u00a0 \u00a0 \u00a0 \u00a0 \u00a0 \u00a0 \u00a0 \u00a0 \u00a0 \u00a0 \u00a0 \u00a0 \u00a0 \u00a0 \u00a0 \u00a0 \u00a0 ESPECIFICACIONES TECNICAS<\/p>\n<p>MOVIMIENTO : Automatico Suizo FC-303 &#8211; 28.800 a\/h &#8211; 26 rubis &#8211; 38h de reserva de marcha.<\/p>\n<p>CAJA : Acero 316l tripartita, pulida,fondo roscado.<\/p>\n<p>Tama\u00f1o : 40 mm<\/p>\n<p>Cristal : Zafiro con tratamiento antireflejo<\/p>\n<p>Esfera : Azul navy,indices y agujas M y H tratados en superluminova,fechador en las 3h,escala de segundos en realce, segundero central.<\/p>\n<p>Resistencia al agua : 50M ( 5 atm ) no acuatico<\/p>\n<p>Brazalete : Correa azul de piel de alta calidad cosida a mano, cierre ardillon de acero.<\/p>\n<p>Garantia : 2 a\u00f1os oficial<\/p>\n","protected":false},"excerpt":{"rendered":"<p>Frederique Constant nos reinterpreta de nuevo una iconica y redise\u00f1ada colecci\u00f3n Classics Index.Ahora mas modernos y din\u00e1micos,la linea esta compuesta por 11 referencias en la que podr\u00e1s encontrar tu pieza id\u00f3nea.Esta pieza es la Classics Index Automatic con esfera azul,un dise\u00f1o de caja contempor\u00e1neo y de alta calidad en 40mm,movimiento autom\u00e1tico calibre FC-303.Correa de piel azul.<\/p>\n","protected":false},"featured_media":4041,"comment_status":"open","ping_status":"closed","template":"","meta":[],"product_brand":[],"product_cat":[301,207,295,194],"product_tag":[474,475,439,476,444,477,416],"class_list":{"0":"post-4043","1":"product","2":"type-product","3":"status-publish","4":"has-post-thumbnail","6":"product_cat-classic","7":"product_cat-frederique-constant","8":"product_cat-hombre","9":"product_cat-relojes","10":"product_tag-classicsindex","11":"product_tag-classicsindexautomatic","12":"product_tag-frederiqueconstant","13":"product_tag-hombre","14":"product_tag-luxurywatch","15":"product_tag-mens","16":"product_tag-swissmade","18":"first","19":"instock","20":"shipping-taxable","21":"purchasable","22":"product-type-simple"},"_links":{"self":[{"href":"https:\/\/joyeriadreide.com\/index.php?rest_route=\/wp\/v2\/product\/4043","targetHints":{"allow":["GET"]}}],"collection":[{"href":"https:\/\/joyeriadreide.com\/index.php?rest_route=\/wp\/v2\/product"}],"about":[{"href":"https:\/\/joyeriadreide.com\/index.php?rest_route=\/wp\/v2\/types\/product"}],"replies":[{"embeddable":true,"href":"https:\/\/joyeriadreide.com\/index.php?rest_route=%2Fwp%2Fv2%2Fcomments&post=4043"}],"wp:featuredmedia":[{"embeddable":true,"href":"https:\/\/joyeriadreide.com\/index.php?rest_route=\/wp\/v2\/media\/4041"}],"wp:attachment":[{"href":"https:\/\/joyeriadreide.com\/index.php?rest_route=%2Fwp%2Fv2%2Fmedia&parent=4043"}],"wp:term":[{"taxonomy":"product_brand","embeddable":true,"href":"https:\/\/joyeriadreide.com\/index.php?rest_route=%2Fwp%2Fv2%2Fproduct_brand&post=4043"},{"taxonomy":"product_cat","embeddable":true,"href":"https:\/\/joyeriadreide.com\/index.php?rest_route=%2Fwp%2Fv2%2Fproduct_cat&post=4043"},{"taxonomy":"product_tag","embeddable":true,"href":"https:\/\/joyeriadreide.com\/index.php?rest_route=%2Fwp%2Fv2%2Fproduct_tag&post=4043"}],"curies":[{"name":"wp","href":"https:\/\/api.w.org\/{rel}","templated":true}]}}