{"id":4024,"date":"2021-03-07T19:33:34","date_gmt":"2021-03-07T19:33:34","guid":{"rendered":"https:\/\/joyeriadreide.com\/product\/seiko-prospex-a-k-a-monster-profesional-diver-automatic-srpd25k1\/"},"modified":"2021-03-07T19:35:55","modified_gmt":"2021-03-07T19:35:55","slug":"seiko-prospex-a-k-a-monster-profesional-diver-automatic-srpd25k1","status":"publish","type":"product","link":"https:\/\/joyeriadreide.com\/?product=seiko-prospex-a-k-a-monster-profesional-diver-automatic-srpd25k1","title":{"rendered":"Seiko Prospex A.K.A Monster Profesional Diver Automatic SRPD25K1"},"content":{"rendered":"<p>\u00a0 \u00a0 \u00a0 \u00a0 \u00a0 \u00a0 \u00a0 \u00a0 \u00a0 \u00a0 \u00a0 \u00a0 \u00a0 \u00a0 \u00a0 \u00a0 \u00a0 \u00a0 \u00a0 \u00a0 \u00a0 \u00a0 \u00a0 \u00a0 \u00a0 \u00a0 \u00a0 \u00a0 \u00a0 ESPECIFICACIONES TECNICAS<\/p>\n<p>MOVIMIENTO : Seiko Calibre Automatico con capacidad de carga manual 4R36 &#8211; 21.600 a\/h &#8211; 3.5hz &#8211; aprox 41h de reserva de marcha &#8211; 24 rubis &#8211; funcion de parada de segundos &#8211; fechador y dia de la semana en las 3h.<\/p>\n<p>CAJA : Acero 316l tripartita de doble capa,corona y fondo roscados, bisel undireccional con tiempo de inmersi\u00f3n de acero pavonado en negro con escala de tiempo de inmersi\u00f3n,asas integradas en la segunda capa.<\/p>\n<p>Tama\u00f1o : 42.40mm<\/p>\n<p>Grosor : 13.39mm<\/p>\n<p>Peso : 186.0 gr<\/p>\n<p>Cristal : Hardlex con lente ciclope<\/p>\n<p>Esfera : Azul,indices y agujas tratados en Lumibrite,fechador y dia de la semana a las 3h<\/p>\n<p>Resistencia al agua : 200M ( 20 atm )<\/p>\n<p>Brazalete : Armix de acero cierre de doble hoja con parte extensible para usar con traje de inmersi\u00f3n,cierre de bot\u00f3n extensor.<\/p>\n<p>Garantia : 2 a\u00f1os oficial<\/p>\n","protected":false},"excerpt":{"rendered":"<p>El Seiko Prospex Monster es el 4&#215;4 de la linea prospex,ademas de ser uno de los iconos tanto dentro de la colecci\u00f3n,como por los coleccionistas de la firma,su esperada actualizaci\u00f3n nos ofrece una pieza de mayor calidad, un dise\u00f1o actual y mas robusto, la caja se a modernizado ahora completamente en acero de doble capa,un bisel mas redise\u00f1ado,el prospex Monster se presento en el a\u00f1o 2000,hasta hoy a ido cosechando \u00e9xitos debido a su rendimiento y calidad relaci\u00f3n precio.<\/p>\n","protected":false},"featured_media":4023,"comment_status":"open","ping_status":"closed","template":"","meta":[],"product_brand":[],"product_cat":[323,194,196],"product_tag":[389,388,374,390,245,404,384,469,447],"class_list":{"0":"post-4024","1":"product","2":"type-product","3":"status-publish","4":"has-post-thumbnail","6":"product_cat-prospex","7":"product_cat-relojes","8":"product_cat-seiko","9":"product_tag-automatic","10":"product_tag-profesionaldiver","11":"product_tag-prospex","12":"product_tag-prospexmonster","13":"product_tag-seiko","14":"product_tag-seikodivers","15":"product_tag-seikoprospex","16":"product_tag-seikoprospexmonster","17":"product_tag-sportwatches","19":"first","20":"instock","21":"shipping-taxable","22":"purchasable","23":"product-type-simple"},"_links":{"self":[{"href":"https:\/\/joyeriadreide.com\/index.php?rest_route=\/wp\/v2\/product\/4024","targetHints":{"allow":["GET"]}}],"collection":[{"href":"https:\/\/joyeriadreide.com\/index.php?rest_route=\/wp\/v2\/product"}],"about":[{"href":"https:\/\/joyeriadreide.com\/index.php?rest_route=\/wp\/v2\/types\/product"}],"replies":[{"embeddable":true,"href":"https:\/\/joyeriadreide.com\/index.php?rest_route=%2Fwp%2Fv2%2Fcomments&post=4024"}],"wp:featuredmedia":[{"embeddable":true,"href":"https:\/\/joyeriadreide.com\/index.php?rest_route=\/wp\/v2\/media\/4023"}],"wp:attachment":[{"href":"https:\/\/joyeriadreide.com\/index.php?rest_route=%2Fwp%2Fv2%2Fmedia&parent=4024"}],"wp:term":[{"taxonomy":"product_brand","embeddable":true,"href":"https:\/\/joyeriadreide.com\/index.php?rest_route=%2Fwp%2Fv2%2Fproduct_brand&post=4024"},{"taxonomy":"product_cat","embeddable":true,"href":"https:\/\/joyeriadreide.com\/index.php?rest_route=%2Fwp%2Fv2%2Fproduct_cat&post=4024"},{"taxonomy":"product_tag","embeddable":true,"href":"https:\/\/joyeriadreide.com\/index.php?rest_route=%2Fwp%2Fv2%2Fproduct_tag&post=4024"}],"curies":[{"name":"wp","href":"https:\/\/api.w.org\/{rel}","templated":true}]}}