{"id":4007,"date":"2021-03-07T17:23:59","date_gmt":"2021-03-07T17:23:59","guid":{"rendered":"https:\/\/joyeriadreide.com\/product\/frederique-constant-slimeline-ladys-moonphase-fc-206nd1s2d\/"},"modified":"2023-10-21T19:59:06","modified_gmt":"2023-10-21T19:59:06","slug":"frederique-constant-slimeline-ladys-moonphase-fc-206nd1s2d","status":"publish","type":"product","link":"https:\/\/joyeriadreide.com\/?product=frederique-constant-slimeline-ladys-moonphase-fc-206nd1s2d","title":{"rendered":"Fr\u00e9d\u00e9rique Constant Classics Slimline Ladies Monophas\u00e9&#8230;Ref : FC- 206MPND1S3B"},"content":{"rendered":"<p>\u00a0 \u00a0 \u00a0 \u00a0 \u00a0 \u00a0 \u00a0 \u00a0 \u00a0 \u00a0 \u00a0 \u00a0 \u00a0 \u00a0 \u00a0 \u00a0 \u00a0 \u00a0 \u00a0 \u00a0 \u00a0 \u00a0 \u00a0 \u00a0 \u00a0 \u00a0 \u00a0 \u00a0 \u00a0ESPECIFICACIONES TECNICAS<\/p>\n<p>MOVIMIENTO : FC-206 Quartz Swiss Made,5 rubis<\/p>\n<p>Funciones : Horas &#8211; Minutos &#8211; Fase lunar\u00a0<\/p>\n<p>CAJA : Acero 316l Bicolor redonda,pulida en brillo,asas alargadas para integrar el armix,bisel chapado en oro amarillo de 18k con 20 micrones,fondo con tapa a presi\u00f3n.Corona chapada en oro amarillo de 18k con 20 micrones engastada con Rubelita.<\/p>\n<p>Tama\u00f1o : 30 mm<\/p>\n<p>Grosor : 7.65mm<\/p>\n<p>Esfera : Madre Perla azul, indices engastados con Diamantes de talla Brillante.Indices de las 12h &#8211; 3h &#8211; 6h &#8211; 9h en forma de bast\u00f3n aplicados.Fase lunar en las 6h,agujas H y M en amarillo de estilo douphine.<\/p>\n<p>Cristal : Zafiro con tratamiento antireflejo<\/p>\n<p>Resistencia al agua : 30M ( 3atm ) reloj joya no acu\u00e1tico.<\/p>\n<p>Brazalete : Acero 316l eslalon multipieza articulado,pulido en brillo, piezas centrales chapadas en oro amarillo de 18k de 20 micrones cierre oculto con bot\u00f3n de seguridad.<\/p>\n<p>Garantia : 2 a\u00f1os oficial<\/p>\n","protected":false},"excerpt":{"rendered":"<p><\/p>\n","protected":false},"featured_media":4729,"comment_status":"open","ping_status":"closed","template":"","meta":[],"product_brand":[],"product_cat":[309,207,306,296,194,308],"product_tag":[456,455,439,462,449,458,464,416],"class_list":{"0":"post-4007","1":"product","2":"type-product","3":"status-publish","4":"has-post-thumbnail","6":"product_cat-classic-mujer","7":"product_cat-frederique-constant","8":"product_cat-ladys-automatic","9":"product_cat-mujer","10":"product_cat-relojes","11":"product_cat-slimline-mujer","12":"product_tag-diamantes","13":"product_tag-diamond","14":"product_tag-frederiqueconstant","15":"product_tag-ladyswatches","16":"product_tag-luxurywatches","17":"product_tag-slimline","18":"product_tag-slimlineladysmoonphase","19":"product_tag-swissmade","21":"first","22":"instock","23":"shipping-taxable","24":"purchasable","25":"product-type-simple"},"_links":{"self":[{"href":"https:\/\/joyeriadreide.com\/index.php?rest_route=\/wp\/v2\/product\/4007","targetHints":{"allow":["GET"]}}],"collection":[{"href":"https:\/\/joyeriadreide.com\/index.php?rest_route=\/wp\/v2\/product"}],"about":[{"href":"https:\/\/joyeriadreide.com\/index.php?rest_route=\/wp\/v2\/types\/product"}],"replies":[{"embeddable":true,"href":"https:\/\/joyeriadreide.com\/index.php?rest_route=%2Fwp%2Fv2%2Fcomments&post=4007"}],"wp:featuredmedia":[{"embeddable":true,"href":"https:\/\/joyeriadreide.com\/index.php?rest_route=\/wp\/v2\/media\/4729"}],"wp:attachment":[{"href":"https:\/\/joyeriadreide.com\/index.php?rest_route=%2Fwp%2Fv2%2Fmedia&parent=4007"}],"wp:term":[{"taxonomy":"product_brand","embeddable":true,"href":"https:\/\/joyeriadreide.com\/index.php?rest_route=%2Fwp%2Fv2%2Fproduct_brand&post=4007"},{"taxonomy":"product_cat","embeddable":true,"href":"https:\/\/joyeriadreide.com\/index.php?rest_route=%2Fwp%2Fv2%2Fproduct_cat&post=4007"},{"taxonomy":"product_tag","embeddable":true,"href":"https:\/\/joyeriadreide.com\/index.php?rest_route=%2Fwp%2Fv2%2Fproduct_tag&post=4007"}],"curies":[{"name":"wp","href":"https:\/\/api.w.org\/{rel}","templated":true}]}}