{"id":3811,"date":"2021-02-24T15:43:22","date_gmt":"2021-02-24T15:43:22","guid":{"rendered":"https:\/\/joyeriadreide.com\/product\/seiko-prospex-sla021j1-marine-master-300m\/"},"modified":"2021-02-24T15:43:22","modified_gmt":"2021-02-24T15:43:22","slug":"seiko-prospex-sla021j1-marine-master-300m","status":"publish","type":"product","link":"https:\/\/joyeriadreide.com\/?product=seiko-prospex-sla021j1-marine-master-300m","title":{"rendered":"Seiko Prospex SLA021J1 Marine Master 300M"},"content":{"rendered":"<p>\u00a0 \u00a0 \u00a0 \u00a0 \u00a0 \u00a0 \u00a0 \u00a0 \u00a0 \u00a0 \u00a0 \u00a0 \u00a0 \u00a0 \u00a0 \u00a0 \u00a0 \u00a0 \u00a0 \u00a0 \u00a0 \u00a0 \u00a0 \u00a0 \u00a0 \u00a0 \u00a0 \u00a0 \u00a0 \u00a0 \u00a0 \u00a0 \u00a0 ESPECIFICACIONES TECNICAS<\/p>\n<p>MOVIMIENTO : Seiko calibre de alta manufactura autom\u00e1tico,con opci\u00f3n de remonte manual 8L35 DE 192 componentes ensamblados a mano en el Watch Estudio Shizukuishi,rendimiento de 28.800 a\/h &#8211; 4hz &#8211; 50h de reserva de marcha.Funcion de para de segundos, fechador.Calibre especialmente dise\u00f1ado para piezas de inmersi\u00f3n.<\/p>\n<p>Caja : Acero 316l con tratamiento SuperHard Coating,tripartita de carrura monobloque,bisel ceramico high-tec con escala de tiempo de inmersi\u00f3n,corona y fondo roscados.<\/p>\n<p>Tama\u00f1o : 44.3mm<\/p>\n<p>Grosor : 14.4mm<\/p>\n<p>Peso : 222.0gr<\/p>\n<p>Cristal : Zafiro con tratamiento antirreflectante en cara interna.<\/p>\n<p>Esfera : Negra estudiada para alta legibilidad, indices y agujas tratados en Lumibrite<\/p>\n<p>Brazalete : Armix de acero de triple hoja con cierre de bloqueo de seguridad con pulsador y micro ajustes extensible para poder usar con traje de inmersi\u00f3n.<\/p>\n<p>Garantia : 2 a\u00f1os oficial<\/p>\n","protected":false},"excerpt":{"rendered":"<p>El Seiko Prospex MarineMaster 300M es una pieza de alta relojer\u00eda que a su vez es una poderosa herramienta para buceadores de saturaci\u00f3n mas exigente.Con arquitectura monobloque y su calibre de manufactura 8L35 ensamblado a mano en el Watch studio Shizukuishi en Morioka,dise\u00f1ado especialmente para relojes de inmersi\u00f3n profesional.Convierte a esta pieza en una de las mejores de su categor\u00eda.<\/p>\n","protected":false},"featured_media":3810,"comment_status":"open","ping_status":"closed","template":"","meta":[],"product_brand":[],"product_cat":[323,194,196],"product_tag":[374,383,245,385,384],"class_list":{"0":"post-3811","1":"product","2":"type-product","3":"status-publish","4":"has-post-thumbnail","6":"product_cat-prospex","7":"product_cat-relojes","8":"product_cat-seiko","9":"product_tag-prospex","10":"product_tag-prospexmarinemaster","11":"product_tag-seiko","12":"product_tag-seikoporspexmarinemaster300","13":"product_tag-seikoprospex","15":"first","16":"instock","17":"shipping-taxable","18":"purchasable","19":"product-type-simple"},"_links":{"self":[{"href":"https:\/\/joyeriadreide.com\/index.php?rest_route=\/wp\/v2\/product\/3811","targetHints":{"allow":["GET"]}}],"collection":[{"href":"https:\/\/joyeriadreide.com\/index.php?rest_route=\/wp\/v2\/product"}],"about":[{"href":"https:\/\/joyeriadreide.com\/index.php?rest_route=\/wp\/v2\/types\/product"}],"replies":[{"embeddable":true,"href":"https:\/\/joyeriadreide.com\/index.php?rest_route=%2Fwp%2Fv2%2Fcomments&post=3811"}],"wp:featuredmedia":[{"embeddable":true,"href":"https:\/\/joyeriadreide.com\/index.php?rest_route=\/wp\/v2\/media\/3810"}],"wp:attachment":[{"href":"https:\/\/joyeriadreide.com\/index.php?rest_route=%2Fwp%2Fv2%2Fmedia&parent=3811"}],"wp:term":[{"taxonomy":"product_brand","embeddable":true,"href":"https:\/\/joyeriadreide.com\/index.php?rest_route=%2Fwp%2Fv2%2Fproduct_brand&post=3811"},{"taxonomy":"product_cat","embeddable":true,"href":"https:\/\/joyeriadreide.com\/index.php?rest_route=%2Fwp%2Fv2%2Fproduct_cat&post=3811"},{"taxonomy":"product_tag","embeddable":true,"href":"https:\/\/joyeriadreide.com\/index.php?rest_route=%2Fwp%2Fv2%2Fproduct_tag&post=3811"}],"curies":[{"name":"wp","href":"https:\/\/api.w.org\/{rel}","templated":true}]}}