{"id":3802,"date":"2021-02-23T15:17:12","date_gmt":"2021-02-23T15:17:12","guid":{"rendered":"https:\/\/joyeriadreide.com\/product\/seiko-5-sport-edition-limitada-street-fighter-ryu-srpf19k1-edicion-limitada-9-999-piezas\/"},"modified":"2024-03-05T18:32:44","modified_gmt":"2024-03-05T18:32:44","slug":"seiko-5-sport-edition-limitada-street-fighter-ryu-srpf19k1-edicion-limitada-9-999-piezas","status":"publish","type":"product","link":"https:\/\/joyeriadreide.com\/?product=seiko-5-sport-edition-limitada-street-fighter-ryu-srpf19k1-edicion-limitada-9-999-piezas","title":{"rendered":"Seiko 5 Sport Edition Limitada Street Fighter RYU SRPF19K1 Edicion Limitada 9.999 piezas"},"content":{"rendered":"<p>\u00a0 \u00a0 \u00a0 \u00a0 \u00a0 \u00a0 \u00a0 \u00a0 \u00a0 \u00a0 \u00a0 \u00a0 \u00a0 \u00a0 \u00a0 \u00a0 \u00a0 \u00a0 \u00a0 \u00a0 \u00a0 \u00a0 \u00a0 \u00a0 \u00a0 \u00a0 \u00a0 \u00a0 \u00a0ESPECIFICACIONES TECNICAS<\/p>\n<p>MOVIMIENTO : Seiko Calibre Automatico con capacidad de carga manual 4R &#8211; 21.600 a\/h &#8211; 3.5hz &#8211; aprox 41h de reserva de marcha &#8211; espiral seiko diaflex &#8211; 24 rubis &#8211; funcion de para del segundero &#8211; fechador y dia de las semana en las 3h.<\/p>\n<p>CAJA : Acero 316l tripartita pulida,corona y fondo abierto roscado, bisel con escala de tiempo de inmersi\u00f3n unidireccional.<\/p>\n<p>Tama\u00f1o : 42.50mm<\/p>\n<p>Grosor : 13.4mm<\/p>\n<p>Peso : 93.0 gr<\/p>\n<p>Cristal : Hardlex en reverso Hardlex\u00a0<\/p>\n<p>Resistencia al agua : 100M ( 10 atm )<\/p>\n<p>Esfera : Blanca con indices y agujas tratados en Lumibrite.decoracion especial inspirada en le luchador RYU de Street Fighter.<\/p>\n<p>Brazalete : Parte frontal blanca de lona ultra resistente, en el reverso de piel de becerro con cierre ardillon de acero.<\/p>\n<p>Garantia : 2 a\u00f1os oficial<\/p>\n","protected":false},"excerpt":{"rendered":"<p>El Seiko 5 Sport Street Fighter RYU Edition limitada, forma parte de la colaboraci\u00f3n de Seiko y Street Fighter V.Esta es la limitada pieza que hace menci\u00f3n a RYU,el dise\u00f1o y su bisel est\u00e1n inspirados en el do-gi del luchador,las marcas en el bisel reflejan el duro entrenamiento,la esfera en las 9h vemos los kanji que significan Furinkazan.En el fondo de la caja se muestran el comando del controlador para el movimiento especial de RYU y la numeraci\u00f3n limitada.En el dorso de la correa, encontraremos kanjis.<\/p>\n","protected":false},"featured_media":3799,"comment_status":"open","ping_status":"closed","template":"","meta":[],"product_brand":[],"product_cat":[194,196,327],"product_tag":[368,245,365,367,366],"class_list":{"0":"post-3802","1":"product","2":"type-product","3":"status-publish","4":"has-post-thumbnail","6":"product_cat-relojes","7":"product_cat-seiko","8":"product_cat-seiko-5","9":"product_tag-edicion-limitada-street-fighter","10":"product_tag-seiko","11":"product_tag-seiko-5","12":"product_tag-street-fighter-rye-seiko-5","13":"product_tag-street-fighter-seiko-5","15":"first","16":"instock","17":"shipping-taxable","18":"purchasable","19":"product-type-simple"},"_links":{"self":[{"href":"https:\/\/joyeriadreide.com\/index.php?rest_route=\/wp\/v2\/product\/3802","targetHints":{"allow":["GET"]}}],"collection":[{"href":"https:\/\/joyeriadreide.com\/index.php?rest_route=\/wp\/v2\/product"}],"about":[{"href":"https:\/\/joyeriadreide.com\/index.php?rest_route=\/wp\/v2\/types\/product"}],"replies":[{"embeddable":true,"href":"https:\/\/joyeriadreide.com\/index.php?rest_route=%2Fwp%2Fv2%2Fcomments&post=3802"}],"wp:featuredmedia":[{"embeddable":true,"href":"https:\/\/joyeriadreide.com\/index.php?rest_route=\/wp\/v2\/media\/3799"}],"wp:attachment":[{"href":"https:\/\/joyeriadreide.com\/index.php?rest_route=%2Fwp%2Fv2%2Fmedia&parent=3802"}],"wp:term":[{"taxonomy":"product_brand","embeddable":true,"href":"https:\/\/joyeriadreide.com\/index.php?rest_route=%2Fwp%2Fv2%2Fproduct_brand&post=3802"},{"taxonomy":"product_cat","embeddable":true,"href":"https:\/\/joyeriadreide.com\/index.php?rest_route=%2Fwp%2Fv2%2Fproduct_cat&post=3802"},{"taxonomy":"product_tag","embeddable":true,"href":"https:\/\/joyeriadreide.com\/index.php?rest_route=%2Fwp%2Fv2%2Fproduct_tag&post=3802"}],"curies":[{"name":"wp","href":"https:\/\/api.w.org\/{rel}","templated":true}]}}