{"id":3798,"date":"2021-02-23T13:06:43","date_gmt":"2021-02-23T13:06:43","guid":{"rendered":"https:\/\/joyeriadreide.com\/product\/seiko-prospex-king-turtle-save-the-ocean-manta-ray-srpe39k1\/"},"modified":"2024-09-24T17:06:19","modified_gmt":"2024-09-24T17:06:19","slug":"seiko-prospex-king-turtle-save-the-ocean-manta-ray-srpe39k1","status":"publish","type":"product","link":"https:\/\/joyeriadreide.com\/?product=seiko-prospex-king-turtle-save-the-ocean-manta-ray-srpe39k1","title":{"rendered":"Seiko Prospex King Turtle Save The Ocean Manta Ray..Ref : SRPE39K1"},"content":{"rendered":"<p>\u00a0 \u00a0 \u00a0 \u00a0 \u00a0 \u00a0 \u00a0 \u00a0 \u00a0 \u00a0 \u00a0 \u00a0 \u00a0 \u00a0 \u00a0 \u00a0 \u00a0 \u00a0 \u00a0 \u00a0 \u00a0 \u00a0 \u00a0 \u00a0 \u00a0 \u00a0 \u00a0 \u00a0 \u00a0 \u00a0 \u00a0 ESPECIFICACIONES TECNICAS<\/p>\n<p>MOVIMIENTO : Seiko Calibre Automatico con capacidad de carga manual 4R36 &#8211; 21.600 a\/h &#8211; 3.5hz &#8211; aprox 41h de reserva de marcha &#8211; 24 rubis &#8211; funci\u00f3n de parada de segundos &#8211; fechador y dia de la semana en las 3h.<\/p>\n<p>CAJA : Acero 316l tripartita con tratamiento SuperHard coating.Corona y fondo roscados, bisel ceramico High-tec con escala de tiempo de inmersi\u00f3n unidireccional.<\/p>\n<p>Tama\u00f1o : 45mm<\/p>\n<p>Grosor : 13.2mm<\/p>\n<p>Peso : 198.0 gr<\/p>\n<p>Cristal : Zafiro con tratamiento antireflejo en cara interna,lente ciclope<\/p>\n<p>Resistencia al agua : 200M ( 20 atm )<\/p>\n<p>Esfera : Color especial para las ediciones Save The Ocean representaci\u00f3n de mantaraya,indices y agujas tratados en Lumibrite.<\/p>\n<p>Brazalete : Armix de acero con tratamiento superhard,cierre de doble hoja con parte extensible para usar con traje de inmersi\u00f3n,cierre con bot\u00f3n extensor.<\/p>\n<p>Garantia : 2 a\u00f1os oficial<\/p>\n","protected":false},"excerpt":{"rendered":"<p>Edicion especial del Seiko King Turtle Save The Ocean inspirada en la mantaraya,la representa en una especial esfera.Seiko apoya proyectos de conservaci\u00f3n marina a trav\u00e9s de las series Save The Ocean.El King Turtle es una evoluci\u00f3n de la ya existente con cristal de zafiro y bisel ceramico.<\/p>\n","protected":false},"featured_media":3796,"comment_status":"open","ping_status":"closed","template":"","meta":[],"product_brand":[],"product_cat":[323,194,196],"product_tag":[373,371,245,369,372],"class_list":{"0":"post-3798","1":"product","2":"type-product","3":"status-publish","4":"has-post-thumbnail","6":"product_cat-prospex","7":"product_cat-relojes","8":"product_cat-seiko","9":"product_tag-profesional-diver","10":"product_tag-prospex-save-the-ocean","11":"product_tag-seiko","12":"product_tag-seiko-prospex","13":"product_tag-seiko-prospex-king-turtle","15":"first","16":"instock","17":"shipping-taxable","18":"purchasable","19":"product-type-simple"},"_links":{"self":[{"href":"https:\/\/joyeriadreide.com\/index.php?rest_route=\/wp\/v2\/product\/3798","targetHints":{"allow":["GET"]}}],"collection":[{"href":"https:\/\/joyeriadreide.com\/index.php?rest_route=\/wp\/v2\/product"}],"about":[{"href":"https:\/\/joyeriadreide.com\/index.php?rest_route=\/wp\/v2\/types\/product"}],"replies":[{"embeddable":true,"href":"https:\/\/joyeriadreide.com\/index.php?rest_route=%2Fwp%2Fv2%2Fcomments&post=3798"}],"wp:featuredmedia":[{"embeddable":true,"href":"https:\/\/joyeriadreide.com\/index.php?rest_route=\/wp\/v2\/media\/3796"}],"wp:attachment":[{"href":"https:\/\/joyeriadreide.com\/index.php?rest_route=%2Fwp%2Fv2%2Fmedia&parent=3798"}],"wp:term":[{"taxonomy":"product_brand","embeddable":true,"href":"https:\/\/joyeriadreide.com\/index.php?rest_route=%2Fwp%2Fv2%2Fproduct_brand&post=3798"},{"taxonomy":"product_cat","embeddable":true,"href":"https:\/\/joyeriadreide.com\/index.php?rest_route=%2Fwp%2Fv2%2Fproduct_cat&post=3798"},{"taxonomy":"product_tag","embeddable":true,"href":"https:\/\/joyeriadreide.com\/index.php?rest_route=%2Fwp%2Fv2%2Fproduct_tag&post=3798"}],"curies":[{"name":"wp","href":"https:\/\/api.w.org\/{rel}","templated":true}]}}