{"id":3523,"date":"2021-02-18T20:24:18","date_gmt":"2021-02-18T20:24:18","guid":{"rendered":"https:\/\/joyeriadreide.com\/?page_id=3523"},"modified":"2021-02-18T20:27:25","modified_gmt":"2021-02-18T20:27:25","slug":"politica-de-privacidad","status":"publish","type":"page","link":"https:\/\/joyeriadreide.com\/?page_id=3523","title":{"rendered":"Pol\u00edtica de Privacidad"},"content":{"rendered":"\t\t<div data-elementor-type=\"wp-page\" data-elementor-id=\"3523\" class=\"elementor elementor-3523\">\n\t\t\t\t\t\t<section class=\"elementor-section elementor-top-section elementor-element elementor-element-3490533 elementor-section-boxed elementor-section-height-default elementor-section-height-default\" data-id=\"3490533\" data-element_type=\"section\">\n\t\t\t\t\t\t<div class=\"elementor-container elementor-column-gap-default\">\n\t\t\t\t\t<div class=\"elementor-column elementor-col-100 elementor-top-column elementor-element elementor-element-2bc1b64\" data-id=\"2bc1b64\" data-element_type=\"column\">\n\t\t\t<div class=\"elementor-widget-wrap elementor-element-populated\">\n\t\t\t\t\t\t<div class=\"elementor-element elementor-element-727183d elementor-widget elementor-widget-text-editor\" data-id=\"727183d\" data-element_type=\"widget\" data-widget_type=\"text-editor.default\">\n\t\t\t\t<div class=\"elementor-widget-container\">\n\t\t\t\t\t\t\t\t\t<p><strong>POL\u00cdTICA DE PRIVACIDAD<\/strong><\/p><p>Bienvenido a nuestra p\u00e1gina web Joyeriadreide.com. Le recomendamos que lea atentamente nuestra Pol\u00edtica en materia de privacidad, a la que rogamos haga referencia siempre que visite la p\u00e1gina Joyeriadreide.com, que navegue por sus p\u00e1ginas o utilice sus servicios, independientemente del hecho de que compre o no los productos.<\/p><p>Para Joyeria Dreide es de extrema importancia la protecci\u00f3n de los datos personales de los visitantes y de los clientes de la p\u00e1gina (por ejemplo, los datos identificativos) as\u00ed como la informaci\u00f3n de car\u00e1cter financiero (por ejemplo, el n\u00famero de la tarjeta de cr\u00e9dito) que estos nos proporcionen. Por este motivo, Joyer\u00eda Dreide adopta pol\u00edticas y medidas espec\u00edficas de seguridad para proteger sus datos personales. A continuaci\u00f3n Joyer\u00eda Dreide proporcionar\u00e1 la informaci\u00f3n que le permita a usted y a todos los visitantes de la p\u00e1gina estar informados de manera completa sobre la Pol\u00edtica de Joyer\u00eda Dreide en materia de Privacidad.<\/p><p>IDENTIDAD DEL RESPONSABLE DEL TRATAMIENTO<\/p><p>Mediante el presente aviso legal y pol\u00edtica de privacidad, DREIDE SL (en adelante \u201cEL PRESTADOR\u201d o \u201cJOYERIA DREIDE\u201d) con domicilio social en Calle Jacinto Benavente, 3 fuengirola 29640 M\u00e1laga, informa a los usuarios que visiten el sitio web https:\/\/joyeriadreide.com de su Pol\u00edtica de Privacidad, y describe qu\u00e9 datos recoge, c\u00f3mo los utiliza y las opciones de los usuarios en relaci\u00f3n a estos datos, incluyendo c\u00f3mo acceder a ellos y actualizarlos.<\/p><p>La utilizaci\u00f3n del sitio web de EL PRESTADOR y de cualquiera de los servicios que se incorporan en \u00e9l, supone la plena aceptaci\u00f3n de las condiciones que se manifiestan en la presente pol\u00edtica de privacidad.<\/p><p>\u00a0RECOGIDA DE DATOS Y CONSENTIMIENTO<\/p><p>En cumplimiento de la Ley 15\/1999, de 13 de diciembre, de Protecci\u00f3n de Datos de Car\u00e1cter Personal (LOPD), Real Decreto 1720\/2007, de 21 de diciembre, por el que se aprueba el Reglamento de desarrollo de la Ley Org\u00e1nica 15\/1999, de 13 de diciembre, de protecci\u00f3n de datos de car\u00e1cter personal, y del Reglamento General de Protecci\u00f3n de Datos (RGPD) 2016\/679 del Parlamento Europeo y del Consejo de 27 de abril de 2016, se informa, que los datos personales que se solicitan en nuestros formularios o, que nos puedan ser facilitados por medio de nuestras direcciones de correo electr\u00f3nico, se incluir\u00e1n en nuestros ficheros de datos personales, cuya responsable y titular es EL PRESTADOR.<\/p><p>Asimismo, cuando un usuario rellena cualquiera de los formularios con los datos personales que se solicitan, al amparo del RGPD, deber\u00e1 otorgar un consentimiento inequ\u00edvoco y expl\u00edcito, con car\u00e1cter revocable, y sin efectos retroactivos.<\/p><p>Les informamos que todos los datos personales, ser\u00e1n tratados con la m\u00e1xima confidencialidad y de acuerdo con la normativa vigente en materia de protecci\u00f3n de datos personales.<br \/><br \/><\/p><p>El usuario acepta que todos sus datos de car\u00e1cter personal sean \u00edntegramente cedidos a Aplazame desde el momento en que el usuario haya iniciado la contrataci\u00f3n del servicio de pago aplazado ofrecido por \u00e9sta \u00faltima en el momento de elegir la forma de pago. Esta aceptaci\u00f3n se extiende a terceras entidades que tuvieran que acceder a los ficheros para el buen fin del contrato.<\/p><p>EL PRESTADOR no se responsabiliza del tratamiento de los datos personales de las p\u00e1ginas web a las que el usuario pueda acceder por medio de los distintos enlaces que contiene nuestra p\u00e1gina web.<\/p><p>Este sitio web se rige por la normativa exclusivamente aplicable al Estado espa\u00f1ol, a la que quedan sometidas las personas, tanto nacionales como extranjeras, que utilicen esta p\u00e1gina web.<\/p><p>\u00a0\u00a0\u00a0 \u00a0\u00a0\u00a0\u00a0\u00a0\u00a0\u00a0 BASE JUR\u00cdDICA DEL TRATAMIENTO DE LOS DATOS PERESONALES<\/p><p>Les informamos que todos los datos personales ser\u00e1n tratados con la m\u00e1xima confidencialidad y de acuerdo con la nueva normativa europea en materia de protecci\u00f3n de datos personales, la legislaci\u00f3n aplicable para la captaci\u00f3n y tratamiento de los datos personales es la siguiente:<\/p><p>Ley Org\u00e1nica 15\/1999, de 13 de diciembre, de Protecci\u00f3n de Datos de Car\u00e1cter Personal\u00a0 (LOPD).<\/p><p>Real Decreto 1720\/2007, de 21 de diciembre, por el que se aprueba el Reglamento de desarrollo de la Ley Org\u00e1nica 15\/1999, de 13 de diciembre, de protecci\u00f3n de datos de car\u00e1cter personal.<\/p><p>Reglamento 2016\/679 del Parlamento Europeo y del Consejo del 27 de abril de 2016 (RGPD).<\/p><p>Nuestros ficheros constan al amparo de la legislaci\u00f3n citada, y con las medidas de seguridad correspondientes. Si los usuarios no se sintieran protegidos en sus derechos personales, podr\u00edan presentar una reclamaci\u00f3n ante la Agencia Espa\u00f1ola de Protecci\u00f3n de Datos.<\/p><p>\u00a0\u00a0 \u00a0\u00a0\u00a0\u00a0\u00a0\u00a0\u00a0\u00a0 \u00a0FINALIDADES DEL TRATAMIENTO<\/p><p>Los datos que solicitamos son los adecuados y necesarios para la finalidad con la que se recogen, no ser\u00e1n utilizados con una finalidad diferente a aquella para la que han sido otorgados, y en ning\u00fan caso ser\u00e1n cedidos a terceros sin el consentimiento del titular.<\/p><p>El usuario no est\u00e1 obligado a facilitarnos sus datos personales, no obstante, son absolutamente necesarios para poder llevar a cabo los servicios que le ofrecemos.<\/p><p>De acuerdo con el Reglamento 2016\/679 del Parlamento Europeo y del Consejo del 27 de abril de 2016, la finalidad para la que se recogen los datos personales es: Facilitar informaci\u00f3n sobre los productos de EL PRESTADOR, y en su caso, facturar los servicios realizados por el mismo y solicitados por el cliente en este portal.<\/p><p>A menos que espec\u00edficamente se establezca lo contrario, se considerar\u00e1 necesario rellenar todos los campos de cada formulario, para lo cual el usuario tendr\u00e1 que facilitarnos sus datos verdaderos, exactos, completos y actualizados.<\/p><p>El usuario ser\u00e1 el \u00fanico responsable de cualquier da\u00f1o o perjuicio, directo e indirecto, que ocasione a EL PRESTADOR o a cualquier tercero, por rellenar los formularios con datos falsos, inexactos, incompletos, no actualizados o con datos de terceros.<\/p><p>\u00a0\u00a0\u00a0 \u00a0\u00a0\u00a0\u00a0\u00a0\u00a0\u00a0 DERECHOS DE ACCESO, RECTIFICACI\u00d3N, CANCELACI\u00d3N Y OPOSICI\u00d3N DE LOS DATOS PERSONALES DEL USUARIO (derechos ARCO)<\/p><p>De acuerdo con los derechos del interesado contenidos en el Cap\u00edtulo III del Reglamento, el usuario tiene derecho a acceder a la informaci\u00f3n que le concierne, recopilada en los ficheros del titular de la web, rectificarla en caso de que sea err\u00f3nea, cancelarla u oponerse a su tratamiento, en los t\u00e9rminos establecidos por la Ley, dirigi\u00e9ndose:<\/p><p>Por correo electr\u00f3nico: info@joyeriadreide.com<\/p><p>Direcci\u00f3n postal: DREIDE SL Calle Jacinto Benavente,3 29640 Fuengirola M\u00e1laga<\/p><p>Adjuntando una fotocopia del DNI o documento acreditativo de su identidad.<\/p><p>Es importante que, para mantener los datos personales actualizados, se informe al titular de la web, siempre que haya habido alguna modificaci\u00f3n en los mismos. En caso contrario, EL PRESTADOR no responde de la veracidad de los mismos.<\/p><p>Si el usuario no cancela sus datos personales, de forma expresa, de los ficheros de EL PRESTADOR se entiende que \u00e9ste sigue interesado en que est\u00e9n incorporados, mientras sea adecuado para la finalidad con la que se obtuvieron.<\/p><p>El contenido del ejercicio de los Derechos ARCO, comprende lo siguiente:<\/p><p>Para ejercer el Derecho de Acceso cualquier usuario tiene derecho a que EL PRESTADOR le confirme sobre la informaci\u00f3n que dispone de sus datos personales. El usuario tendr\u00e1 derecho a obtener una copia de los datos personales objeto del tratamiento, e incluso se le podr\u00e1 facilitar un acceso remoto a los mismos.<\/p><p>En cuanto al derecho de rectificaci\u00f3n, se le ofrece la posibilidad de rectificar los datos personales que sean inexactos y que le conciernan al titular. El interesado tendr\u00e1 derecho a completar los datos personales que sean incompletos, siempre y cuando no sea atribuible al titular de la web.<\/p><p>El derecho de cancelaci\u00f3n, el usuario pide que se supriman sus datos personales de la base de datos del titular de la misma.<\/p><p>El derecho de oposici\u00f3n, el titular del derecho, solicita al responsable del fichero que cese en el tratamiento de sus datos personales.<\/p><p>\u00a0 \u00a0\u00a0\u00a0\u00a0\u00a0\u00a0\u00a0\u00a0\u00a0 \u00a0\u00a0SEGURIDAD DE LOS DATOS PERSONALES<\/p><p>EL PRESTADOR informa a los usuarios que ha adoptado todas las medidas t\u00e9cnicas y organizativas necesarias para salvaguardar la seguridad, de los ficheros que contengan datos de car\u00e1cter personal, tal como exige la normativa vigente.<\/p><p>\u00a0\u00a0\u00a0 \u00a0\u00a0\u00a0\u00a0\u00a0\u00a0\u00a0 COMUNICACIONES COMERCIALES POR CORREO ELECTR\u00d3NICO<\/p><p>En cumplimiento del art\u00edculo 21 de la Ley de servicios de la sociedad de la informaci\u00f3n y comercio electr\u00f3nico (Ley 34\/2002, de 11 de julio, de servicios de la sociedad de la informaci\u00f3n y de comercio electr\u00f3nico), que proh\u00edbe el env\u00edo de comunicaciones comerciales por medio del correo electr\u00f3nico que previamente no hayan sido autorizadas expresamente por los destinatarios.<\/p><p>De acuerdo con el nuevo Reglamento Europeo (RGPD) 2016\/279 del Parlamento Europeo y del Consejo del 27 de abril de 2016, si el usuario desea recibir informaci\u00f3n comercial deber\u00e1 prestar su consentimiento expl\u00edcito e inequ\u00edvoco, a trav\u00e9s de nuestra p\u00e1gina web.<\/p><p>Si desea anular dejando sin efecto este consentimiento puede ponerse en contacto con EL PRESTADOR por correo electr\u00f3nico a info@joyeriadreide.com \u00a0o bien, mediante un escrito dirigido a DREIDE SL. Calle Jacinto Benavente,3 29640 Fuengirola M\u00e1laga, acompa\u00f1ando siempre una fotocopia de su D.N.I., o documento acreditativo de su identidad.<\/p><p>\u00a0\u00a0\u00a0 \u00a0\u00a0\u00a0\u00a0\u00a0\u00a0\u00a0 MODIFICACI\u00d3N DE ESTA POL\u00cdTICA DE CONFIDENCIALIDAD<\/p><p>EL PRESTADOR se reserva el derecho en el futuro de modificar su pol\u00edtica de protecci\u00f3n de datos de acuerdo con su criterio, o por causa de un cambio legislativo, jurisprudencial o en la pr\u00e1ctica empresarial. Si EL PRESTADOR introduce alguna modificaci\u00f3n, el nuevo texto ser\u00e1 publicado en esta misma p\u00e1gina, donde el usuario podr\u00e1 tener conocimiento de la pol\u00edtica de protecci\u00f3n de datos. En cualquier caso, la relaci\u00f3n con el usuario se regir\u00e1 por las normas previstas en el momento preciso en que se accede al sitio web y, por consiguiente, es obligatorio leerlas cada vez que nos facilite sus datos por medio de nuestro web.<\/p><p>La utilizaci\u00f3n de la Web joyeriadreide.com \u00a0atribuye a quien haga uso de ella la condici\u00f3n de usuario, quien acepta las presentes Condiciones de las que ha tenido oportunidad de tomar conocimiento.<\/p>\t\t\t\t\t\t\t\t<\/div>\n\t\t\t\t<\/div>\n\t\t\t\t\t<\/div>\n\t\t<\/div>\n\t\t\t\t\t<\/div>\n\t\t<\/section>\n\t\t\t\t<\/div>\n\t\t","protected":false},"excerpt":{"rendered":"<p>POL\u00cdTICA DE PRIVACIDAD Bienvenido a nuestra p\u00e1gina web Joyeriadreide.com. Le recomendamos que lea atentamente nuestra Pol\u00edtica en materia de privacidad, a la que rogamos haga referencia siempre que visite la p\u00e1gina Joyeriadreide.com, que navegue por sus p\u00e1ginas o utilice sus servicios, independientemente del hecho de que compre o no los productos. Para Joyeria Dreide es [&hellip;]<\/p>\n","protected":false},"author":1,"featured_media":0,"parent":0,"menu_order":0,"comment_status":"closed","ping_status":"closed","template":"","meta":{"footnotes":""},"class_list":["post-3523","page","type-page","status-publish","hentry"],"_links":{"self":[{"href":"https:\/\/joyeriadreide.com\/index.php?rest_route=\/wp\/v2\/pages\/3523","targetHints":{"allow":["GET"]}}],"collection":[{"href":"https:\/\/joyeriadreide.com\/index.php?rest_route=\/wp\/v2\/pages"}],"about":[{"href":"https:\/\/joyeriadreide.com\/index.php?rest_route=\/wp\/v2\/types\/page"}],"author":[{"embeddable":true,"href":"https:\/\/joyeriadreide.com\/index.php?rest_route=\/wp\/v2\/users\/1"}],"replies":[{"embeddable":true,"href":"https:\/\/joyeriadreide.com\/index.php?rest_route=%2Fwp%2Fv2%2Fcomments&post=3523"}],"version-history":[{"count":4,"href":"https:\/\/joyeriadreide.com\/index.php?rest_route=\/wp\/v2\/pages\/3523\/revisions"}],"predecessor-version":[{"id":3528,"href":"https:\/\/joyeriadreide.com\/index.php?rest_route=\/wp\/v2\/pages\/3523\/revisions\/3528"}],"wp:attachment":[{"href":"https:\/\/joyeriadreide.com\/index.php?rest_route=%2Fwp%2Fv2%2Fmedia&parent=3523"}],"curies":[{"name":"wp","href":"https:\/\/api.w.org\/{rel}","templated":true}]}}